{"id":91,"date":"2016-08-08T16:57:30","date_gmt":"2016-08-08T15:57:30","guid":{"rendered":"http:\/\/martinazzo.tfinfo.fr\/?page_id=91"},"modified":"2022-01-28T17:44:18","modified_gmt":"2022-01-28T16:44:18","slug":"mende-26","status":"publish","type":"page","link":"https:\/\/martinazzo.tfinfo.fr\/?page_id=91","title":{"rendered":"MENDE \u2013 26 route du Chapitre"},"content":{"rendered":"\n<div class=\"wp-block-image\"><figure class=\"aligncenter\"><img loading=\"lazy\" decoding=\"async\" width=\"1024\" height=\"1024\" src=\"http:\/\/martinazzo.tfinfo.fr\/wp-content\/uploads\/2022\/01\/mende-26-1-1024x1024.png\" alt=\"\" class=\"wp-image-610\" srcset=\"https:\/\/martinazzo.tfinfo.fr\/wp-content\/uploads\/2022\/01\/mende-26-1-1024x1024.png 1024w, https:\/\/martinazzo.tfinfo.fr\/wp-content\/uploads\/2022\/01\/mende-26-1-150x150.png 150w, https:\/\/martinazzo.tfinfo.fr\/wp-content\/uploads\/2022\/01\/mende-26-1-300x300.png 300w, https:\/\/martinazzo.tfinfo.fr\/wp-content\/uploads\/2022\/01\/mende-26-1-768x768.png 768w, https:\/\/martinazzo.tfinfo.fr\/wp-content\/uploads\/2022\/01\/mende-26-1.png 1080w\" sizes=\"(max-width: 1024px) 100vw, 1024px\" \/><\/figure><\/div>\n\n\n<div id=\"grid-gallery-5-18606\" data-gg-id=\"5\" data-title=\"MENDE26\" data-grid-type=\"0\" data-offset=\"5.3\" data-area-position=\"center\" data-icons=\"\" data-preloader=\"true\" data-width=\"160\" data-height=\"160\" data-padding=\"0\" data-quicksand=\"disabled\" data-quicksand-duration=\"none\" data-popup-theme=\"theme_6\" data-popup-type=\"pretty-photo\" data-popup-image-text=\"title\" data-popup-widthsize=\"auto\" data-popup-heightsize=\"auto\" data-popup-i18n-words=\"{&quot;close&quot;:&quot;fermer&quot;,&quot;next&quot;:&quot;suivant&quot;,&quot;previous&quot;:&quot;pr\\u00e9c\\u00e9dent&quot;,&quot;start_slideshow&quot;:&quot;d\\u00e9marrer le diaporama&quot;,&quot;stop_slideshow&quot;:&quot;arr\\u00e9ter le diaporama&quot;,&quot;image&quot;:&quot;image&quot;,&quot;of&quot;:&quot;de&quot;,&quot;prev&quot;:&quot;pr\\u00e9c.&quot;,&quot;cExpand&quot;:&quot;Agrandir&quot;,&quot;cPrevious&quot;:&quot;Pr\\u00e9c\\u00e9dent&quot;,&quot;cNext&quot;:&quot;Suivant&quot;,&quot;cExpandStr&quot;:&quot;Agrandir l&#039;image&quot;,&quot;cRotate&quot;:&quot;Pivoter&quot;,&quot;cDetails&quot;:&quot;Details&quot;}\" data-popup-slideshow=\"false\" data-popup-slideshow-speed=\"2500\" data-popup-hoverstop=\"false\" data-popup-slideshow-auto=\"false\" data-popup-background=\"\" data-popup-transparency=\"30\" data-popup-disable-history=\"\" data-popup-disable-changed-url=\"\" data-popup-border-type=\"\" data-popup-border-color=\"\" data-popup-border-width=\"\" data-popup-border-enable=\"\" data-fullscreen=\"false\" data-hide-tooltip=\"false\" data-caption-font-family=\"Default\" data-caption-text-size=\"140\" data-is-mobile=\"0\" data-caption-mobile=\"false\" data-hide-long-tltp-title=\"0\" data-caption-disabled-on-mobile=\"false\" data-popup-placement-type=\"0\" data-social-sharing=\"{&quot;enabled&quot;:&quot;&quot;,&quot;gallerySharing&quot;:{&quot;enabled&quot;:null,&quot;position&quot;:null},&quot;imageSharing&quot;:{&quot;enabled&quot;:null,&quot;wrapperClass&quot;:&quot; vertical &quot;},&quot;popupSharing&quot;:{&quot;enabled&quot;:null,&quot;wrapperClass&quot;:&quot; vertical &quot;}}\" class=\"grid-gallery grid-gallery-fixed \" style=\" width:100%; height:auto; margin-left:auto; margin-right:auto;position:relative;\"> <div class=\"gallery-loading\"> <div class=\"blocks\"> <div class=\"block\"><\/div> <div class=\"block\"><\/div> <div class=\"block\"><\/div> <div class=\"block\"><\/div> <\/div> <\/div> <div class=\"gallery-sharing-top\" style=\"display:none;\"> <\/div> <div id=\"photos-5\" class=\"grid-gallery-photos\"><FIGURE class=\"grid-gallery-caption\" data-grid-gallery-type=\"quarter-slide-up\" data-index=\"0\" style=\"display:none;border-radius:00;; margin:5.3px; width:1600;\" ><div class=\"crop\" style=\" width:1600; height:1600; overflow:hidden;\"><img decoding=\"async\" src=\"http:\/\/martinazzo.tfinfo.fr\/wp-content\/uploads\/2016\/08\/Photo-Mende-agences-4-min-160x160.jpg\" class=\"ggImg\" alt=\"Photo Mende agences 4-min\" title=\"Photo Mende agences 4-min\" data-description=\"Photo Mende agences 4-min\" data-caption=\"Photo Mende agences 4-min\" data-title=\"Photo Mende agences 4-min\" style=\" width:160px; height:160px;\" \/><\/div><FIGCAPTION class=\"\" data-alpha=\"5\" style=\"color:#ffffff; background-color:#6f0000; font-size:140; text-align:left; font-family:Default;\" ><div class=\"grid-gallery-figcaption-wrap\" style=\"\"><\/div><\/FIGCAPTION><\/FIGURE><FIGURE class=\"grid-gallery-caption\" data-grid-gallery-type=\"quarter-slide-up\" data-index=\"1\" style=\"display:none;border-radius:00;; margin:5.3px; width:1600;\" ><div class=\"crop\" style=\" width:1600; height:1600; overflow:hidden;\"><img decoding=\"async\" src=\"http:\/\/martinazzo.tfinfo.fr\/wp-content\/uploads\/2016\/08\/Photo-Mende-agences-7-min-160x160.jpg\" class=\"ggImg\" alt=\"Photo Mende agences 7-min\" title=\"Photo Mende agences 7-min\" data-description=\"Photo Mende agences 7-min\" data-caption=\"Photo Mende agences 7-min\" data-title=\"Photo Mende agences 7-min\" style=\" width:160px; height:160px;\" \/><\/div><FIGCAPTION class=\"\" data-alpha=\"5\" style=\"color:#ffffff; background-color:#6f0000; font-size:140; text-align:left; font-family:Default;\" ><div class=\"grid-gallery-figcaption-wrap\" style=\"\"><\/div><\/FIGCAPTION><\/FIGURE><FIGURE class=\"grid-gallery-caption\" data-grid-gallery-type=\"quarter-slide-up\" data-index=\"2\" style=\"display:none;border-radius:00;; margin:5.3px; width:1600;\" ><div class=\"crop\" style=\" width:1600; height:1600; overflow:hidden;\"><img decoding=\"async\" src=\"http:\/\/martinazzo.tfinfo.fr\/wp-content\/uploads\/2016\/08\/Photo-Mende-agences-11-min-160x160.jpg\" class=\"ggImg\" alt=\"Photo Mende agences 11-min\" title=\"Photo Mende agences 11-min\" data-description=\"Photo Mende agences 11-min\" data-caption=\"Photo Mende agences 11-min\" data-title=\"Photo Mende agences 11-min\" style=\" width:160px; height:160px;\" \/><\/div><FIGCAPTION class=\"\" data-alpha=\"5\" style=\"color:#ffffff; background-color:#6f0000; font-size:140; text-align:left; font-family:Default;\" ><div class=\"grid-gallery-figcaption-wrap\" style=\"\"><\/div><\/FIGCAPTION><\/FIGURE><FIGURE class=\"grid-gallery-caption\" data-grid-gallery-type=\"quarter-slide-up\" data-index=\"3\" style=\"display:none;border-radius:00;; margin:5.3px; width:1600;\" ><div class=\"crop\" style=\" width:1600; height:1600; overflow:hidden;\"><img decoding=\"async\" src=\"http:\/\/martinazzo.tfinfo.fr\/wp-content\/uploads\/2016\/08\/Photo-Mende-agences-12-min-160x160.jpg\" class=\"ggImg\" alt=\"Photo Mende agences 12-min\" title=\"Photo Mende agences 12-min\" data-description=\"Photo Mende agences 12-min\" data-caption=\"Photo Mende agences 12-min\" data-title=\"Photo Mende agences 12-min\" style=\" width:160px; height:160px;\" \/><\/div><FIGCAPTION class=\"\" data-alpha=\"5\" style=\"color:#ffffff; background-color:#6f0000; font-size:140; text-align:left; font-family:Default;\" ><div class=\"grid-gallery-figcaption-wrap\" style=\"\"><\/div><\/FIGCAPTION><\/FIGURE><FIGURE class=\"grid-gallery-caption\" data-grid-gallery-type=\"quarter-slide-up\" data-index=\"4\" style=\"display:none;border-radius:00;; margin:5.3px; width:1600;\" ><div class=\"crop\" style=\" width:1600; height:1600; overflow:hidden;\"><img decoding=\"async\" src=\"http:\/\/martinazzo.tfinfo.fr\/wp-content\/uploads\/2016\/08\/Photo-Mende-agences-13-min-160x160.jpg\" class=\"ggImg\" alt=\"Photo Mende agences 13-min\" title=\"Photo Mende agences 13-min\" data-description=\"Photo Mende agences 13-min\" data-caption=\"Photo Mende agences 13-min\" data-title=\"Photo Mende agences 13-min\" style=\" width:160px; height:160px;\" \/><\/div><FIGCAPTION class=\"\" data-alpha=\"5\" style=\"color:#ffffff; background-color:#6f0000; font-size:140; text-align:left; font-family:Default;\" ><div class=\"grid-gallery-figcaption-wrap\" style=\"\"><\/div><\/FIGCAPTION><\/FIGURE><FIGURE class=\"grid-gallery-caption\" data-grid-gallery-type=\"quarter-slide-up\" data-index=\"5\" style=\"display:none;border-radius:00;; margin:5.3px; width:1600;\" ><div class=\"crop\" style=\" width:1600; height:1600; overflow:hidden;\"><img decoding=\"async\" src=\"http:\/\/martinazzo.tfinfo.fr\/wp-content\/uploads\/2019\/07\/IMG_20190613_180409-160x160.jpg\" class=\"ggImg\" alt=\"IMG_20190613_180409\" title=\"IMG_20190613_180409\" data-description=\"IMG_20190613_180409\" data-caption=\"IMG_20190613_180409\" data-title=\"IMG_20190613_180409\" style=\" width:160px; height:160px;\" \/><\/div><FIGCAPTION class=\"\" data-alpha=\"5\" style=\"color:#ffffff; background-color:#6f0000; font-size:140; text-align:left; font-family:Default;\" ><div class=\"grid-gallery-figcaption-wrap\" style=\"\"><\/div><\/FIGCAPTION><\/FIGURE><FIGURE class=\"grid-gallery-caption\" data-grid-gallery-type=\"quarter-slide-up\" data-index=\"6\" style=\"display:none;border-radius:00;; margin:5.3px; width:1600;\" ><div class=\"crop\" style=\" width:1600; height:1600; overflow:hidden;\"><img decoding=\"async\" src=\"http:\/\/martinazzo.tfinfo.fr\/wp-content\/uploads\/2019\/07\/IMG_20190613_180538-160x160.jpg\" class=\"ggImg\" alt=\"IMG_20190613_180538\" title=\"IMG_20190613_180538\" data-description=\"IMG_20190613_180538\" data-caption=\"IMG_20190613_180538\" data-title=\"IMG_20190613_180538\" style=\" width:160px; height:160px;\" \/><\/div><FIGCAPTION class=\"\" data-alpha=\"5\" style=\"color:#ffffff; background-color:#6f0000; font-size:140; text-align:left; font-family:Default;\" ><div class=\"grid-gallery-figcaption-wrap\" style=\"\"><\/div><\/FIGCAPTION><\/FIGURE><FIGURE class=\"grid-gallery-caption\" data-grid-gallery-type=\"quarter-slide-up\" data-index=\"7\" style=\"display:none;border-radius:00;; margin:5.3px; width:1600;\" ><div class=\"crop\" style=\" width:1600; height:1600; overflow:hidden;\"><img decoding=\"async\" src=\"http:\/\/martinazzo.tfinfo.fr\/wp-content\/uploads\/2019\/07\/IMG_20190613_180602-160x160.jpg\" class=\"ggImg\" alt=\"IMG_20190613_180602\" title=\"IMG_20190613_180602\" data-description=\"IMG_20190613_180602\" data-caption=\"IMG_20190613_180602\" data-title=\"IMG_20190613_180602\" style=\" width:160px; height:160px;\" \/><\/div><FIGCAPTION class=\"\" data-alpha=\"5\" style=\"color:#ffffff; background-color:#6f0000; font-size:140; text-align:left; font-family:Default;\" ><div class=\"grid-gallery-figcaption-wrap\" style=\"\"><\/div><\/FIGCAPTION><\/FIGURE><FIGURE class=\"grid-gallery-caption\" data-grid-gallery-type=\"quarter-slide-up\" data-index=\"8\" style=\"display:none;border-radius:00;; margin:5.3px; width:1600;\" ><div class=\"crop\" style=\" width:1600; height:1600; overflow:hidden;\"><img decoding=\"async\" src=\"http:\/\/martinazzo.tfinfo.fr\/wp-content\/uploads\/2019\/07\/IMG_20190613_180658-160x160.jpg\" class=\"ggImg\" alt=\"IMG_20190613_180658\" title=\"IMG_20190613_180658\" data-description=\"IMG_20190613_180658\" data-caption=\"IMG_20190613_180658\" data-title=\"IMG_20190613_180658\" style=\" width:160px; height:160px;\" \/><\/div><FIGCAPTION class=\"\" data-alpha=\"5\" style=\"color:#ffffff; background-color:#6f0000; font-size:140; text-align:left; font-family:Default;\" ><div class=\"grid-gallery-figcaption-wrap\" style=\"\"><\/div><\/FIGCAPTION><\/FIGURE><FIGURE class=\"grid-gallery-caption\" data-grid-gallery-type=\"quarter-slide-up\" data-index=\"9\" style=\"display:none;border-radius:00;; margin:5.3px; width:1600;\" ><div class=\"crop\" style=\" width:1600; height:1600; overflow:hidden;\"><img decoding=\"async\" src=\"http:\/\/martinazzo.tfinfo.fr\/wp-content\/uploads\/2019\/07\/IMG_20190613_180714-160x160.jpg\" class=\"ggImg\" alt=\"IMG_20190613_180714\" title=\"IMG_20190613_180714\" data-description=\"IMG_20190613_180714\" data-caption=\"IMG_20190613_180714\" data-title=\"IMG_20190613_180714\" style=\" width:160px; height:160px;\" \/><\/div><FIGCAPTION class=\"\" data-alpha=\"5\" style=\"color:#ffffff; background-color:#6f0000; font-size:140; text-align:left; font-family:Default;\" ><div class=\"grid-gallery-figcaption-wrap\" style=\"\"><\/div><\/FIGCAPTION><\/FIGURE><FIGURE class=\"grid-gallery-caption\" data-grid-gallery-type=\"quarter-slide-up\" data-index=\"10\" style=\"display:none;border-radius:00;; margin:5.3px; width:1600;\" ><div class=\"crop\" style=\" width:1600; height:1600; overflow:hidden;\"><img decoding=\"async\" src=\"http:\/\/martinazzo.tfinfo.fr\/wp-content\/uploads\/2019\/07\/IMG_20190709_101958-160x160.jpg\" class=\"ggImg\" alt=\"IMG_20190709_101958\" title=\"IMG_20190709_101958\" data-description=\"IMG_20190709_101958\" data-caption=\"IMG_20190709_101958\" data-title=\"IMG_20190709_101958\" style=\" width:160px; height:160px;\" \/><\/div><FIGCAPTION class=\"\" data-alpha=\"5\" style=\"color:#ffffff; background-color:#6f0000; font-size:140; text-align:left; font-family:Default;\" ><div class=\"grid-gallery-figcaption-wrap\" style=\"\"><\/div><\/FIGCAPTION><\/FIGURE> <div class=\"grid-gallery-clearfix\"><\/div> <\/div> <div class=\"gallery-sharing-bottom\" style=\"display:none;\"> <\/div> <div class=\"gallery-sharing-image\" style=\"display:none;\"> <\/div> <div class=\"gallery-sharing-popup\" style=\"display:none;\"> <\/div> <div class=\"grid-gallery-clearfix\"><\/div> <\/div> <!-- Gallery by Supsystic plugin1.15.24 --><a title=\"WordPress Image Gallery Plugin\" style=\"display:none;\" href=\"https:\/\/supsystic.com\/plugins\/photo-gallery\/?utm_medium=love_link\" target=\"_blank\">WordPress Image Gallery Plugin<\/a>\n<p>Pour les particuliers et professionnels&nbsp;:<\/p>\n<ul>\n<li>Gros \u0153uvre<\/li>\n<li>Bricolage<\/li>\n<li>Outillage<\/li>\n<li>Peinture<\/li>\n<li>Menuiserie<\/li>\n<li>Vente et pose de Po\u00eale\/Chemin\u00e9e<\/li>\n<li>Carrelage<\/li>\n<li>Sanitaire<\/li>\n<li>V\u00e9randa<\/li>\n<li>Location de mat\u00e9riel et v\u00e9hicule<\/li>\n<li>Livraison sur vos chantiers&nbsp;\u00bb<\/li>\n<\/ul>","protected":false},"excerpt":{"rendered":"<p>Pour les particuliers et professionnels&nbsp;: Gros \u0153uvre Bricolage Outillage Peinture Menuiserie Vente et pose de Po\u00eale\/Chemin\u00e9e Carrelage Sanitaire V\u00e9randa Location de mat\u00e9riel et v\u00e9hicule Livraison sur vos chantiers&nbsp;\u00bb<\/p>\n","protected":false},"author":1,"featured_media":0,"parent":0,"menu_order":0,"comment_status":"closed","ping_status":"closed","template":"","meta":{"footnotes":""},"class_list":["post-91","page","type-page","status-publish","hentry"],"_links":{"self":[{"href":"https:\/\/martinazzo.tfinfo.fr\/index.php?rest_route=\/wp\/v2\/pages\/91"}],"collection":[{"href":"https:\/\/martinazzo.tfinfo.fr\/index.php?rest_route=\/wp\/v2\/pages"}],"about":[{"href":"https:\/\/martinazzo.tfinfo.fr\/index.php?rest_route=\/wp\/v2\/types\/page"}],"author":[{"embeddable":true,"href":"https:\/\/martinazzo.tfinfo.fr\/index.php?rest_route=\/wp\/v2\/users\/1"}],"replies":[{"embeddable":true,"href":"https:\/\/martinazzo.tfinfo.fr\/index.php?rest_route=%2Fwp%2Fv2%2Fcomments&post=91"}],"version-history":[{"count":18,"href":"https:\/\/martinazzo.tfinfo.fr\/index.php?rest_route=\/wp\/v2\/pages\/91\/revisions"}],"predecessor-version":[{"id":611,"href":"https:\/\/martinazzo.tfinfo.fr\/index.php?rest_route=\/wp\/v2\/pages\/91\/revisions\/611"}],"wp:attachment":[{"href":"https:\/\/martinazzo.tfinfo.fr\/index.php?rest_route=%2Fwp%2Fv2%2Fmedia&parent=91"}],"curies":[{"name":"wp","href":"https:\/\/api.w.org\/{rel}","templated":true}]}}