{"id":85,"date":"2016-08-01T14:23:34","date_gmt":"2016-08-01T13:23:34","guid":{"rendered":"http:\/\/martinazzo.tfinfo.fr\/?page_id=85"},"modified":"2016-08-10T13:28:32","modified_gmt":"2016-08-10T12:28:32","slug":"location-de-materiel","status":"publish","type":"page","link":"https:\/\/martinazzo.tfinfo.fr\/?page_id=85","title":{"rendered":"Location de mat\u00e9riel et v\u00e9hicule"},"content":{"rendered":"<p><strong>Retrouvez toute la gamme disponible dans nos magasins.<\/strong><\/p>\n<table>\n<tbody>\n<tr>\n<td>\n<ul>\n<li>Terrassement\n<ul>\n<li>Mini-Pelle Brise Roche<\/li>\n<li>Mini chargeur<\/li>\n<\/ul>\n<\/li>\n<li>Manutention\n<ul>\n<li>\u00c9l\u00e9vateur T\u00e9lescopique<\/li>\n<li>Chargeur<\/li>\n<li>Nacelle<\/li>\n<\/ul>\n<\/li>\n<li>\u00a0Compactage \/ Sol\n<ul>\n<li>Pilonneuse<\/li>\n<li>Plaque Vibrante<\/li>\n<li>Scie \u00e0 sol<\/li>\n<li>Cylindre<\/li>\n<li>Ponceuse \u00e0 b\u00e9ton<\/li>\n<\/ul>\n<\/li>\n<li>\u00a0Transports\n<ul>\n<li>Camion benne 3T5<\/li>\n<li>Fourgon 3T5<\/li>\n<li>Remorques<\/li>\n<\/ul>\n<\/li>\n<\/ul>\n<\/td>\n<td>\n<ul>\n<li>\u00c9lectro portatif \/ Outillage\n<ul>\n<li>D\u00e9coupeuse<\/li>\n<li>B\u00e9tonni\u00e8re<\/li>\n<li>Brise B\u00e9ton<\/li>\n<li>Carotteuse<\/li>\n<li>\u00c9chafaudage<\/li>\n<li>Groupe \u00e9lectrog\u00e8ne<\/li>\n<li>Sableuse<\/li>\n<li>Pompe \u00e0 eau<\/li>\n<\/ul>\n<\/li>\n<li>Espace nettoyage \/ Pon\u00e7age\n<ul>\n<li>Aspirateur<\/li>\n<li>Nettoyeur haute pression<\/li>\n<li>Ponceuse parquet<\/li>\n<\/ul>\n<\/li>\n<li>Espace vert\n<ul>\n<li>D\u00e9broussailleuse<\/li>\n<li>Motoculteur<\/li>\n<li>Perche \u00e9lagage<\/li>\n<li>Taille haie<\/li>\n<li>Tondeuse<\/li>\n<li>Tron\u00e7onneuse<\/li>\n<\/ul>\n<\/li>\n<\/ul>\n<\/td>\n<\/tr>\n<\/tbody>\n<\/table>\n","protected":false},"excerpt":{"rendered":"<p>Retrouvez toute la gamme disponible dans nos magasins. Terrassement Mini-Pelle Brise Roche Mini chargeur Manutention \u00c9l\u00e9vateur T\u00e9lescopique Chargeur Nacelle \u00a0Compactage \/ Sol Pilonneuse Plaque Vibrante Scie \u00e0 sol Cylindre Ponceuse \u00e0 b\u00e9ton \u00a0Transports Camion benne 3T5 Fourgon 3T5 Remorques \u00c9lectro portatif \/ Outillage D\u00e9coupeuse B\u00e9tonni\u00e8re Brise B\u00e9ton Carotteuse \u00c9chafaudage Groupe \u00e9lectrog\u00e8ne Sableuse Pompe \u00e0 eau [&hellip;]<\/p>\n","protected":false},"author":1,"featured_media":0,"parent":0,"menu_order":0,"comment_status":"closed","ping_status":"closed","template":"blog.php","meta":{"footnotes":""},"class_list":["post-85","page","type-page","status-publish","hentry"],"_links":{"self":[{"href":"https:\/\/martinazzo.tfinfo.fr\/index.php?rest_route=\/wp\/v2\/pages\/85"}],"collection":[{"href":"https:\/\/martinazzo.tfinfo.fr\/index.php?rest_route=\/wp\/v2\/pages"}],"about":[{"href":"https:\/\/martinazzo.tfinfo.fr\/index.php?rest_route=\/wp\/v2\/types\/page"}],"author":[{"embeddable":true,"href":"https:\/\/martinazzo.tfinfo.fr\/index.php?rest_route=\/wp\/v2\/users\/1"}],"replies":[{"embeddable":true,"href":"https:\/\/martinazzo.tfinfo.fr\/index.php?rest_route=%2Fwp%2Fv2%2Fcomments&post=85"}],"version-history":[{"count":4,"href":"https:\/\/martinazzo.tfinfo.fr\/index.php?rest_route=\/wp\/v2\/pages\/85\/revisions"}],"predecessor-version":[{"id":187,"href":"https:\/\/martinazzo.tfinfo.fr\/index.php?rest_route=\/wp\/v2\/pages\/85\/revisions\/187"}],"wp:attachment":[{"href":"https:\/\/martinazzo.tfinfo.fr\/index.php?rest_route=%2Fwp%2Fv2%2Fmedia&parent=85"}],"curies":[{"name":"wp","href":"https:\/\/api.w.org\/{rel}","templated":true}]}}