{"id":405,"date":"2021-05-25T09:01:58","date_gmt":"2021-05-25T08:01:58","guid":{"rendered":"http:\/\/martinazzo.tfinfo.fr\/?page_id=405"},"modified":"2022-04-12T07:32:52","modified_gmt":"2022-04-12T06:32:52","slug":"menuiserie-et-veranda","status":"publish","type":"page","link":"https:\/\/martinazzo.tfinfo.fr\/?page_id=405","title":{"rendered":"Menuiserie et V\u00e9randa"},"content":{"rendered":"\n<div class=\"wp-block-cover has-background-dim\" style=\"background-image:url(http:\/\/martinazzo.tfinfo.fr\/wp-content\/uploads\/2021\/08\/topaze.jpg);background-position:30.58823529411765% 47.05882352941176%\"><div class=\"wp-block-cover__inner-container is-layout-flow wp-block-cover-is-layout-flow\">\n<p style=\"font-size:70px;text-align:center\">MENUISERIE &amp; VERANDA<\/p>\n<\/div><\/div>\n\n\n\n<p>Nos commerciaux sont l\u00e0 pour vous accompagner dans votre projet de menuiserie (portail, porte, fen\u00eatre, velux, volet, pergola, v\u00e9randa,etc).    <\/p>\n\n\n\n<p>Nous sommes l\u00e0 pour vous accompagner dans votre projet, du conseil jusqu&rsquo;\u00e0 la pose gr\u00e2ce \u00e0 nos quatre commerciaux et \u00e0 nos huit poseurs.   <\/p>\n\n\n\n<ul class=\"wp-block-gallery columns-3 is-cropped wp-block-gallery-1 is-layout-flex wp-block-gallery-is-layout-flex\"><li class=\"blocks-gallery-item\"><figure><img loading=\"lazy\" decoding=\"async\" width=\"940\" height=\"788\" src=\"http:\/\/martinazzo.tfinfo.fr\/wp-content\/uploads\/2021\/08\/fenetre.png\" alt=\"\" data-id=\"475\" data-link=\"http:\/\/martinazzo.tfinfo.fr\/?attachment_id=475\" class=\"wp-image-475\" srcset=\"https:\/\/martinazzo.tfinfo.fr\/wp-content\/uploads\/2021\/08\/fenetre.png 940w, https:\/\/martinazzo.tfinfo.fr\/wp-content\/uploads\/2021\/08\/fenetre-300x251.png 300w, https:\/\/martinazzo.tfinfo.fr\/wp-content\/uploads\/2021\/08\/fenetre-768x644.png 768w\" sizes=\"(max-width: 940px) 100vw, 940px\" \/><\/figure><\/li><li class=\"blocks-gallery-item\"><figure><img loading=\"lazy\" decoding=\"async\" width=\"960\" height=\"720\" src=\"http:\/\/martinazzo.tfinfo.fr\/wp-content\/uploads\/2021\/08\/2.jpg\" alt=\"\" data-id=\"481\" data-link=\"http:\/\/martinazzo.tfinfo.fr\/?attachment_id=481\" class=\"wp-image-481\" srcset=\"https:\/\/martinazzo.tfinfo.fr\/wp-content\/uploads\/2021\/08\/2.jpg 960w, https:\/\/martinazzo.tfinfo.fr\/wp-content\/uploads\/2021\/08\/2-300x225.jpg 300w, https:\/\/martinazzo.tfinfo.fr\/wp-content\/uploads\/2021\/08\/2-768x576.jpg 768w\" sizes=\"(max-width: 960px) 100vw, 960px\" \/><\/figure><\/li><li class=\"blocks-gallery-item\"><figure><img loading=\"lazy\" decoding=\"async\" width=\"1024\" height=\"768\" src=\"http:\/\/martinazzo.tfinfo.fr\/wp-content\/uploads\/2021\/08\/20210531_144430-1024x768.jpg\" alt=\"\" data-id=\"482\" data-link=\"http:\/\/martinazzo.tfinfo.fr\/?attachment_id=482\" class=\"wp-image-482\" srcset=\"https:\/\/martinazzo.tfinfo.fr\/wp-content\/uploads\/2021\/08\/20210531_144430-1024x768.jpg 1024w, https:\/\/martinazzo.tfinfo.fr\/wp-content\/uploads\/2021\/08\/20210531_144430-300x225.jpg 300w, https:\/\/martinazzo.tfinfo.fr\/wp-content\/uploads\/2021\/08\/20210531_144430-768x576.jpg 768w\" sizes=\"(max-width: 1024px) 100vw, 1024px\" \/><\/figure><\/li><li class=\"blocks-gallery-item\"><figure><img loading=\"lazy\" decoding=\"async\" width=\"940\" height=\"788\" src=\"http:\/\/martinazzo.tfinfo.fr\/wp-content\/uploads\/2021\/08\/veranda.png\" alt=\"\" data-id=\"479\" data-link=\"http:\/\/martinazzo.tfinfo.fr\/?attachment_id=479\" class=\"wp-image-479\" srcset=\"https:\/\/martinazzo.tfinfo.fr\/wp-content\/uploads\/2021\/08\/veranda.png 940w, https:\/\/martinazzo.tfinfo.fr\/wp-content\/uploads\/2021\/08\/veranda-300x251.png 300w, https:\/\/martinazzo.tfinfo.fr\/wp-content\/uploads\/2021\/08\/veranda-768x644.png 768w\" sizes=\"(max-width: 940px) 100vw, 940px\" \/><\/figure><\/li><li class=\"blocks-gallery-item\"><figure><img loading=\"lazy\" decoding=\"async\" width=\"800\" height=\"800\" src=\"http:\/\/martinazzo.tfinfo.fr\/wp-content\/uploads\/2021\/08\/athena.jpg\" alt=\"\" data-id=\"469\" data-link=\"http:\/\/martinazzo.tfinfo.fr\/?attachment_id=469\" class=\"wp-image-469\" srcset=\"https:\/\/martinazzo.tfinfo.fr\/wp-content\/uploads\/2021\/08\/athena.jpg 800w, https:\/\/martinazzo.tfinfo.fr\/wp-content\/uploads\/2021\/08\/athena-150x150.jpg 150w, https:\/\/martinazzo.tfinfo.fr\/wp-content\/uploads\/2021\/08\/athena-300x300.jpg 300w, https:\/\/martinazzo.tfinfo.fr\/wp-content\/uploads\/2021\/08\/athena-768x768.jpg 768w\" sizes=\"(max-width: 800px) 100vw, 800px\" \/><\/figure><\/li><li class=\"blocks-gallery-item\"><figure><img loading=\"lazy\" decoding=\"async\" width=\"800\" height=\"800\" src=\"http:\/\/martinazzo.tfinfo.fr\/wp-content\/uploads\/2021\/08\/la-porte-de-garage-basculante-noviso.jpg\" alt=\"\" data-id=\"470\" data-link=\"http:\/\/martinazzo.tfinfo.fr\/?attachment_id=470\" class=\"wp-image-470\" srcset=\"https:\/\/martinazzo.tfinfo.fr\/wp-content\/uploads\/2021\/08\/la-porte-de-garage-basculante-noviso.jpg 800w, https:\/\/martinazzo.tfinfo.fr\/wp-content\/uploads\/2021\/08\/la-porte-de-garage-basculante-noviso-150x150.jpg 150w, https:\/\/martinazzo.tfinfo.fr\/wp-content\/uploads\/2021\/08\/la-porte-de-garage-basculante-noviso-300x300.jpg 300w, https:\/\/martinazzo.tfinfo.fr\/wp-content\/uploads\/2021\/08\/la-porte-de-garage-basculante-noviso-768x768.jpg 768w\" sizes=\"(max-width: 800px) 100vw, 800px\" \/><\/figure><\/li><li class=\"blocks-gallery-item\"><figure><img loading=\"lazy\" decoding=\"async\" width=\"800\" height=\"800\" src=\"http:\/\/martinazzo.tfinfo.fr\/wp-content\/uploads\/2021\/08\/topaze.jpg\" alt=\"\" data-id=\"471\" data-link=\"http:\/\/martinazzo.tfinfo.fr\/?attachment_id=471\" class=\"wp-image-471\" srcset=\"https:\/\/martinazzo.tfinfo.fr\/wp-content\/uploads\/2021\/08\/topaze.jpg 800w, https:\/\/martinazzo.tfinfo.fr\/wp-content\/uploads\/2021\/08\/topaze-150x150.jpg 150w, https:\/\/martinazzo.tfinfo.fr\/wp-content\/uploads\/2021\/08\/topaze-300x300.jpg 300w, https:\/\/martinazzo.tfinfo.fr\/wp-content\/uploads\/2021\/08\/topaze-768x768.jpg 768w\" sizes=\"(max-width: 800px) 100vw, 800px\" \/><\/figure><\/li><li class=\"blocks-gallery-item\"><figure><img loading=\"lazy\" decoding=\"async\" width=\"940\" height=\"788\" src=\"http:\/\/martinazzo.tfinfo.fr\/wp-content\/uploads\/2021\/08\/porte.png\" alt=\"\" data-id=\"477\" data-link=\"http:\/\/martinazzo.tfinfo.fr\/?attachment_id=477\" class=\"wp-image-477\" srcset=\"https:\/\/martinazzo.tfinfo.fr\/wp-content\/uploads\/2021\/08\/porte.png 940w, https:\/\/martinazzo.tfinfo.fr\/wp-content\/uploads\/2021\/08\/porte-300x251.png 300w, https:\/\/martinazzo.tfinfo.fr\/wp-content\/uploads\/2021\/08\/porte-768x644.png 768w\" sizes=\"(max-width: 940px) 100vw, 940px\" \/><\/figure><\/li><li class=\"blocks-gallery-item\"><figure><img loading=\"lazy\" decoding=\"async\" width=\"1024\" height=\"681\" src=\"http:\/\/martinazzo.tfinfo.fr\/wp-content\/uploads\/2021\/08\/PHOTO-VERRIERE-CHANTIER-PIERRE-2-1024x681.jpg\" alt=\"\" data-id=\"480\" data-link=\"http:\/\/martinazzo.tfinfo.fr\/?attachment_id=480\" class=\"wp-image-480\" srcset=\"https:\/\/martinazzo.tfinfo.fr\/wp-content\/uploads\/2021\/08\/PHOTO-VERRIERE-CHANTIER-PIERRE-2-1024x681.jpg 1024w, https:\/\/martinazzo.tfinfo.fr\/wp-content\/uploads\/2021\/08\/PHOTO-VERRIERE-CHANTIER-PIERRE-2-300x199.jpg 300w, https:\/\/martinazzo.tfinfo.fr\/wp-content\/uploads\/2021\/08\/PHOTO-VERRIERE-CHANTIER-PIERRE-2-768x511.jpg 768w, https:\/\/martinazzo.tfinfo.fr\/wp-content\/uploads\/2021\/08\/PHOTO-VERRIERE-CHANTIER-PIERRE-2.jpg 1083w\" sizes=\"(max-width: 1024px) 100vw, 1024px\" \/><\/figure><\/li><li class=\"blocks-gallery-item\"><figure><img loading=\"lazy\" decoding=\"async\" width=\"940\" height=\"788\" src=\"http:\/\/martinazzo.tfinfo.fr\/wp-content\/uploads\/2021\/08\/portail.png\" alt=\"\" data-id=\"476\" data-link=\"http:\/\/martinazzo.tfinfo.fr\/?attachment_id=476\" class=\"wp-image-476\" srcset=\"https:\/\/martinazzo.tfinfo.fr\/wp-content\/uploads\/2021\/08\/portail.png 940w, https:\/\/martinazzo.tfinfo.fr\/wp-content\/uploads\/2021\/08\/portail-300x251.png 300w, https:\/\/martinazzo.tfinfo.fr\/wp-content\/uploads\/2021\/08\/portail-768x644.png 768w\" sizes=\"(max-width: 940px) 100vw, 940px\" \/><\/figure><\/li><li class=\"blocks-gallery-item\"><figure><img loading=\"lazy\" decoding=\"async\" width=\"940\" height=\"788\" src=\"http:\/\/martinazzo.tfinfo.fr\/wp-content\/uploads\/2021\/08\/dressing.png\" alt=\"\" data-id=\"474\" data-link=\"http:\/\/martinazzo.tfinfo.fr\/?attachment_id=474\" class=\"wp-image-474\" srcset=\"https:\/\/martinazzo.tfinfo.fr\/wp-content\/uploads\/2021\/08\/dressing.png 940w, https:\/\/martinazzo.tfinfo.fr\/wp-content\/uploads\/2021\/08\/dressing-300x251.png 300w, https:\/\/martinazzo.tfinfo.fr\/wp-content\/uploads\/2021\/08\/dressing-768x644.png 768w\" sizes=\"(max-width: 940px) 100vw, 940px\" \/><\/figure><\/li><li class=\"blocks-gallery-item\"><figure><img loading=\"lazy\" decoding=\"async\" width=\"940\" height=\"788\" src=\"http:\/\/martinazzo.tfinfo.fr\/wp-content\/uploads\/2021\/08\/pose-1.png\" alt=\"\" data-id=\"478\" data-link=\"http:\/\/martinazzo.tfinfo.fr\/?attachment_id=478\" class=\"wp-image-478\" srcset=\"https:\/\/martinazzo.tfinfo.fr\/wp-content\/uploads\/2021\/08\/pose-1.png 940w, https:\/\/martinazzo.tfinfo.fr\/wp-content\/uploads\/2021\/08\/pose-1-300x251.png 300w, https:\/\/martinazzo.tfinfo.fr\/wp-content\/uploads\/2021\/08\/pose-1-768x644.png 768w\" sizes=\"(max-width: 940px) 100vw, 940px\" \/><\/figure><\/li><\/ul>\n\n\n\n<pre class=\"wp-block-preformatted\"><a href=\"https:\/\/www.eldo.com\/pro\/ets_martinazzo_poele_cheminee_menuiserie_veranda\">\n<iframe loading=\"lazy\" src=\"https:\/\/www.eldo.com\/iframe\/artisan\/102043\" frameborder=\"0\" height=\"100%\" width=\"100%\"><\/iframe><\/a><\/pre>\n\n\n\n<figure class=\"wp-block-image\"><img loading=\"lazy\" decoding=\"async\" width=\"940\" height=\"788\" src=\"http:\/\/martinazzo.tfinfo.fr\/wp-content\/uploads\/2021\/08\/menuiserie-et-veranda.png\" alt=\"\" class=\"wp-image-448\" srcset=\"https:\/\/martinazzo.tfinfo.fr\/wp-content\/uploads\/2021\/08\/menuiserie-et-veranda.png 940w, https:\/\/martinazzo.tfinfo.fr\/wp-content\/uploads\/2021\/08\/menuiserie-et-veranda-300x251.png 300w, https:\/\/martinazzo.tfinfo.fr\/wp-content\/uploads\/2021\/08\/menuiserie-et-veranda-768x644.png 768w\" sizes=\"(max-width: 940px) 100vw, 940px\" \/><\/figure>\n","protected":false},"excerpt":{"rendered":"<p>Nos commerciaux sont l\u00e0 pour vous accompagner dans votre projet de menuiserie (portail, porte, fen\u00eatre, velux, volet, pergola, v\u00e9randa,etc). Nous sommes l\u00e0 pour vous accompagner dans votre projet, du conseil jusqu&rsquo;\u00e0 la pose gr\u00e2ce \u00e0 nos quatre commerciaux et \u00e0 nos huit poseurs.<\/p>\n","protected":false},"author":1,"featured_media":0,"parent":0,"menu_order":0,"comment_status":"closed","ping_status":"closed","template":"","meta":{"footnotes":""},"class_list":["post-405","page","type-page","status-publish","hentry"],"_links":{"self":[{"href":"https:\/\/martinazzo.tfinfo.fr\/index.php?rest_route=\/wp\/v2\/pages\/405"}],"collection":[{"href":"https:\/\/martinazzo.tfinfo.fr\/index.php?rest_route=\/wp\/v2\/pages"}],"about":[{"href":"https:\/\/martinazzo.tfinfo.fr\/index.php?rest_route=\/wp\/v2\/types\/page"}],"author":[{"embeddable":true,"href":"https:\/\/martinazzo.tfinfo.fr\/index.php?rest_route=\/wp\/v2\/users\/1"}],"replies":[{"embeddable":true,"href":"https:\/\/martinazzo.tfinfo.fr\/index.php?rest_route=%2Fwp%2Fv2%2Fcomments&post=405"}],"version-history":[{"count":6,"href":"https:\/\/martinazzo.tfinfo.fr\/index.php?rest_route=\/wp\/v2\/pages\/405\/revisions"}],"predecessor-version":[{"id":653,"href":"https:\/\/martinazzo.tfinfo.fr\/index.php?rest_route=\/wp\/v2\/pages\/405\/revisions\/653"}],"wp:attachment":[{"href":"https:\/\/martinazzo.tfinfo.fr\/index.php?rest_route=%2Fwp%2Fv2%2Fmedia&parent=405"}],"curies":[{"name":"wp","href":"https:\/\/api.w.org\/{rel}","templated":true}]}}