{"id":404,"date":"2021-05-25T09:01:58","date_gmt":"2021-05-25T08:01:58","guid":{"rendered":"http:\/\/martinazzo.tfinfo.fr\/?page_id=404"},"modified":"2022-09-27T09:36:17","modified_gmt":"2022-09-27T08:36:17","slug":"poele-et-cheminee","status":"publish","type":"page","link":"https:\/\/martinazzo.tfinfo.fr\/?page_id=404","title":{"rendered":"Po\u00eale et Chemin\u00e9e"},"content":{"rendered":"\n<div class=\"wp-block-cover has-background-dim\" style=\"background-image:url(http:\/\/martinazzo.tfinfo.fr\/wp-content\/uploads\/2021\/07\/Pano-acier.jpg)\"><div class=\"wp-block-cover__inner-container is-layout-flow wp-block-cover-is-layout-flow\">\n<p style=\"font-size:70px;text-align:center\">POELE ET CHEMINEE<\/p>\n<\/div><\/div>\n\n\n\n<p>Retrouvez nos commerciaux dans nos agences de Mende et de Florac Trois Rivi\u00e8res, et venez d\u00e9couvrir notre salle d&rsquo;exposition \u00e0 Mende (21 route du Chapitre).  Nous sommes l\u00e0 pour vous accompagner dans votre projet, du conseil jusqu&rsquo;\u00e0 la pose gr\u00e2ce \u00e0 nos quatre commerciaux et \u00e0 nos huit poseurs.  <\/p>\n\n\n\n<p><\/p>\n\n\n\n<ul class=\"wp-block-gallery columns-3 is-cropped wp-block-gallery-1 is-layout-flex wp-block-gallery-is-layout-flex\"><li class=\"blocks-gallery-item\"><figure><img loading=\"lazy\" decoding=\"async\" width=\"1008\" height=\"672\" src=\"http:\/\/martinazzo.tfinfo.fr\/wp-content\/uploads\/2021\/07\/WOODY-2020.jpg\" alt=\"\" data-id=\"439\" data-link=\"http:\/\/martinazzo.tfinfo.fr\/?attachment_id=439\" class=\"wp-image-439\" srcset=\"https:\/\/martinazzo.tfinfo.fr\/wp-content\/uploads\/2021\/07\/WOODY-2020.jpg 1008w, https:\/\/martinazzo.tfinfo.fr\/wp-content\/uploads\/2021\/07\/WOODY-2020-300x200.jpg 300w, https:\/\/martinazzo.tfinfo.fr\/wp-content\/uploads\/2021\/07\/WOODY-2020-768x512.jpg 768w\" sizes=\"(max-width: 1008px) 100vw, 1008px\" \/><figcaption>Modern living room interior with sofa<\/figcaption><\/figure><\/li><li class=\"blocks-gallery-item\"><figure><img loading=\"lazy\" decoding=\"async\" width=\"768\" height=\"1024\" src=\"http:\/\/martinazzo.tfinfo.fr\/wp-content\/uploads\/2021\/07\/IMG_20200915_144130-768x1024.jpg\" alt=\"\" data-id=\"422\" data-link=\"http:\/\/martinazzo.tfinfo.fr\/?attachment_id=422\" class=\"wp-image-422\" srcset=\"https:\/\/martinazzo.tfinfo.fr\/wp-content\/uploads\/2021\/07\/IMG_20200915_144130-768x1024.jpg 768w, https:\/\/martinazzo.tfinfo.fr\/wp-content\/uploads\/2021\/07\/IMG_20200915_144130-225x300.jpg 225w\" sizes=\"(max-width: 768px) 100vw, 768px\" \/><\/figure><\/li><li class=\"blocks-gallery-item\"><figure><img loading=\"lazy\" decoding=\"async\" width=\"940\" height=\"788\" src=\"http:\/\/martinazzo.tfinfo.fr\/wp-content\/uploads\/2021\/08\/poele.png\" alt=\"\" data-id=\"462\" data-link=\"http:\/\/martinazzo.tfinfo.fr\/?attachment_id=462\" class=\"wp-image-462\" srcset=\"https:\/\/martinazzo.tfinfo.fr\/wp-content\/uploads\/2021\/08\/poele.png 940w, https:\/\/martinazzo.tfinfo.fr\/wp-content\/uploads\/2021\/08\/poele-300x251.png 300w, https:\/\/martinazzo.tfinfo.fr\/wp-content\/uploads\/2021\/08\/poele-768x644.png 768w\" sizes=\"(max-width: 940px) 100vw, 940px\" \/><\/figure><\/li><li class=\"blocks-gallery-item\"><figure><img loading=\"lazy\" decoding=\"async\" width=\"940\" height=\"788\" src=\"http:\/\/martinazzo.tfinfo.fr\/wp-content\/uploads\/2021\/08\/pose.png\" alt=\"\" data-id=\"463\" data-link=\"http:\/\/martinazzo.tfinfo.fr\/?attachment_id=463\" class=\"wp-image-463\" srcset=\"https:\/\/martinazzo.tfinfo.fr\/wp-content\/uploads\/2021\/08\/pose.png 940w, https:\/\/martinazzo.tfinfo.fr\/wp-content\/uploads\/2021\/08\/pose-300x251.png 300w, https:\/\/martinazzo.tfinfo.fr\/wp-content\/uploads\/2021\/08\/pose-768x644.png 768w\" sizes=\"(max-width: 940px) 100vw, 940px\" \/><\/figure><\/li><li class=\"blocks-gallery-item\"><figure><img loading=\"lazy\" decoding=\"async\" width=\"540\" height=\"720\" src=\"http:\/\/martinazzo.tfinfo.fr\/wp-content\/uploads\/2021\/07\/IMG-6983.jpg\" alt=\"\" data-id=\"419\" data-link=\"http:\/\/martinazzo.tfinfo.fr\/?attachment_id=419\" class=\"wp-image-419\" srcset=\"https:\/\/martinazzo.tfinfo.fr\/wp-content\/uploads\/2021\/07\/IMG-6983.jpg 540w, https:\/\/martinazzo.tfinfo.fr\/wp-content\/uploads\/2021\/07\/IMG-6983-225x300.jpg 225w\" sizes=\"(max-width: 540px) 100vw, 540px\" \/><\/figure><\/li><li class=\"blocks-gallery-item\"><figure><img loading=\"lazy\" decoding=\"async\" width=\"684\" height=\"1024\" src=\"http:\/\/martinazzo.tfinfo.fr\/wp-content\/uploads\/2021\/07\/Country-3-4-684x1024.jpg\" alt=\"\" data-id=\"429\" data-link=\"http:\/\/martinazzo.tfinfo.fr\/?attachment_id=429\" class=\"wp-image-429\" srcset=\"https:\/\/martinazzo.tfinfo.fr\/wp-content\/uploads\/2021\/07\/Country-3-4-684x1024.jpg 684w, https:\/\/martinazzo.tfinfo.fr\/wp-content\/uploads\/2021\/07\/Country-3-4-200x300.jpg 200w, https:\/\/martinazzo.tfinfo.fr\/wp-content\/uploads\/2021\/07\/Country-3-4-768x1150.jpg 768w, https:\/\/martinazzo.tfinfo.fr\/wp-content\/uploads\/2021\/07\/Country-3-4.jpg 1179w\" sizes=\"(max-width: 684px) 100vw, 684px\" \/><\/figure><\/li><li class=\"blocks-gallery-item\"><figure><img loading=\"lazy\" decoding=\"async\" width=\"768\" height=\"1024\" src=\"http:\/\/martinazzo.tfinfo.fr\/wp-content\/uploads\/2019\/07\/IMG_20190619_153730-768x1024.jpg\" alt=\"\" data-id=\"373\" data-link=\"http:\/\/martinazzo.tfinfo.fr\/?attachment_id=373\" class=\"wp-image-373\" srcset=\"https:\/\/martinazzo.tfinfo.fr\/wp-content\/uploads\/2019\/07\/IMG_20190619_153730-768x1024.jpg 768w, https:\/\/martinazzo.tfinfo.fr\/wp-content\/uploads\/2019\/07\/IMG_20190619_153730-225x300.jpg 225w, https:\/\/martinazzo.tfinfo.fr\/wp-content\/uploads\/2019\/07\/IMG_20190619_153730.jpg 800w\" sizes=\"(max-width: 768px) 100vw, 768px\" \/><\/figure><\/li><li class=\"blocks-gallery-item\"><figure><img loading=\"lazy\" decoding=\"async\" width=\"940\" height=\"788\" src=\"http:\/\/martinazzo.tfinfo.fr\/wp-content\/uploads\/2021\/08\/chemin\u00e9e.png\" alt=\"\" data-id=\"461\" data-link=\"http:\/\/martinazzo.tfinfo.fr\/?attachment_id=461\" class=\"wp-image-461\" srcset=\"https:\/\/martinazzo.tfinfo.fr\/wp-content\/uploads\/2021\/08\/chemin\u00e9e.png 940w, https:\/\/martinazzo.tfinfo.fr\/wp-content\/uploads\/2021\/08\/chemin\u00e9e-300x251.png 300w, https:\/\/martinazzo.tfinfo.fr\/wp-content\/uploads\/2021\/08\/chemin\u00e9e-768x644.png 768w\" sizes=\"(max-width: 940px) 100vw, 940px\" \/><\/figure><\/li><li class=\"blocks-gallery-item\"><figure><img loading=\"lazy\" decoding=\"async\" width=\"925\" height=\"821\" src=\"http:\/\/martinazzo.tfinfo.fr\/wp-content\/uploads\/2021\/07\/MARGOT-S7-bar.jpg\" alt=\"\" data-id=\"434\" data-link=\"http:\/\/martinazzo.tfinfo.fr\/?attachment_id=434\" class=\"wp-image-434\" srcset=\"https:\/\/martinazzo.tfinfo.fr\/wp-content\/uploads\/2021\/07\/MARGOT-S7-bar.jpg 925w, https:\/\/martinazzo.tfinfo.fr\/wp-content\/uploads\/2021\/07\/MARGOT-S7-bar-300x266.jpg 300w, https:\/\/martinazzo.tfinfo.fr\/wp-content\/uploads\/2021\/07\/MARGOT-S7-bar-768x682.jpg 768w\" sizes=\"(max-width: 925px) 100vw, 925px\" \/><\/figure><\/li><li class=\"blocks-gallery-item\"><figure><img loading=\"lazy\" decoding=\"async\" width=\"683\" height=\"1024\" src=\"http:\/\/martinazzo.tfinfo.fr\/wp-content\/uploads\/2021\/07\/Huez-683x1024.jpg\" alt=\"\" data-id=\"425\" data-link=\"http:\/\/martinazzo.tfinfo.fr\/?attachment_id=425\" class=\"wp-image-425\" srcset=\"https:\/\/martinazzo.tfinfo.fr\/wp-content\/uploads\/2021\/07\/Huez.jpg 683w, https:\/\/martinazzo.tfinfo.fr\/wp-content\/uploads\/2021\/07\/Huez-200x300.jpg 200w\" sizes=\"(max-width: 683px) 100vw, 683px\" \/><figcaption>Italy &#8211; Emilia Romagna<\/figcaption><\/figure><\/li><li class=\"blocks-gallery-item\"><figure><img loading=\"lazy\" decoding=\"async\" width=\"1024\" height=\"641\" src=\"http:\/\/martinazzo.tfinfo.fr\/wp-content\/uploads\/2021\/07\/OMEGA-1024x641.jpg\" alt=\"\" data-id=\"436\" data-link=\"http:\/\/martinazzo.tfinfo.fr\/?attachment_id=436\" class=\"wp-image-436\" srcset=\"https:\/\/martinazzo.tfinfo.fr\/wp-content\/uploads\/2021\/07\/OMEGA-1024x641.jpg 1024w, https:\/\/martinazzo.tfinfo.fr\/wp-content\/uploads\/2021\/07\/OMEGA-300x188.jpg 300w, https:\/\/martinazzo.tfinfo.fr\/wp-content\/uploads\/2021\/07\/OMEGA-768x481.jpg 768w, https:\/\/martinazzo.tfinfo.fr\/wp-content\/uploads\/2021\/07\/OMEGA.jpg 1304w\" sizes=\"(max-width: 1024px) 100vw, 1024px\" \/><\/figure><\/li><li class=\"blocks-gallery-item\"><figure><img loading=\"lazy\" decoding=\"async\" width=\"818\" height=\"921\" src=\"http:\/\/martinazzo.tfinfo.fr\/wp-content\/uploads\/2021\/07\/NEW-YORK.jpg\" alt=\"\" data-id=\"435\" data-link=\"http:\/\/martinazzo.tfinfo.fr\/?attachment_id=435\" class=\"wp-image-435\" srcset=\"https:\/\/martinazzo.tfinfo.fr\/wp-content\/uploads\/2021\/07\/NEW-YORK.jpg 818w, https:\/\/martinazzo.tfinfo.fr\/wp-content\/uploads\/2021\/07\/NEW-YORK-266x300.jpg 266w, https:\/\/martinazzo.tfinfo.fr\/wp-content\/uploads\/2021\/07\/NEW-YORK-768x865.jpg 768w\" sizes=\"(max-width: 818px) 100vw, 818px\" \/><\/figure><\/li><\/ul>\n\n\n\n<pre class=\"wp-block-preformatted\"><a href=\"https:\/\/www.eldo.com\/pro\/ets_martinazzo_poele_cheminee_menuiserie_veranda\">\n<iframe loading=\"lazy\" src=\"https:\/\/www.eldo.com\/iframe\/artisan\/102043\" frameborder=\"0\" height=\"100%\" width=\"100%\"><\/iframe><\/a><\/pre>\n\n\n\n<div class=\"wp-block-image\"><figure class=\"aligncenter is-resized\"><img loading=\"lazy\" decoding=\"async\" src=\"http:\/\/martinazzo.tfinfo.fr\/wp-content\/uploads\/2021\/08\/poele-et-cheminee-1.png\" alt=\"\" class=\"wp-image-453\" width=\"817\" height=\"685\" srcset=\"https:\/\/martinazzo.tfinfo.fr\/wp-content\/uploads\/2021\/08\/poele-et-cheminee-1.png 940w, https:\/\/martinazzo.tfinfo.fr\/wp-content\/uploads\/2021\/08\/poele-et-cheminee-1-300x251.png 300w, https:\/\/martinazzo.tfinfo.fr\/wp-content\/uploads\/2021\/08\/poele-et-cheminee-1-768x644.png 768w\" sizes=\"(max-width: 817px) 100vw, 817px\" \/><\/figure><\/div>\n","protected":false},"excerpt":{"rendered":"<p>Retrouvez nos commerciaux dans nos agences de Mende et de Florac Trois Rivi\u00e8res, et venez d\u00e9couvrir notre salle d&rsquo;exposition \u00e0 Mende (21 route du Chapitre). Nous sommes l\u00e0 pour vous accompagner dans votre projet, du conseil jusqu&rsquo;\u00e0 la pose gr\u00e2ce \u00e0 nos quatre commerciaux et \u00e0 nos huit poseurs.<\/p>\n","protected":false},"author":1,"featured_media":0,"parent":0,"menu_order":0,"comment_status":"closed","ping_status":"closed","template":"","meta":{"footnotes":""},"class_list":["post-404","page","type-page","status-publish","hentry"],"_links":{"self":[{"href":"https:\/\/martinazzo.tfinfo.fr\/index.php?rest_route=\/wp\/v2\/pages\/404"}],"collection":[{"href":"https:\/\/martinazzo.tfinfo.fr\/index.php?rest_route=\/wp\/v2\/pages"}],"about":[{"href":"https:\/\/martinazzo.tfinfo.fr\/index.php?rest_route=\/wp\/v2\/types\/page"}],"author":[{"embeddable":true,"href":"https:\/\/martinazzo.tfinfo.fr\/index.php?rest_route=\/wp\/v2\/users\/1"}],"replies":[{"embeddable":true,"href":"https:\/\/martinazzo.tfinfo.fr\/index.php?rest_route=%2Fwp%2Fv2%2Fcomments&post=404"}],"version-history":[{"count":7,"href":"https:\/\/martinazzo.tfinfo.fr\/index.php?rest_route=\/wp\/v2\/pages\/404\/revisions"}],"predecessor-version":[{"id":669,"href":"https:\/\/martinazzo.tfinfo.fr\/index.php?rest_route=\/wp\/v2\/pages\/404\/revisions\/669"}],"wp:attachment":[{"href":"https:\/\/martinazzo.tfinfo.fr\/index.php?rest_route=%2Fwp%2Fv2%2Fmedia&parent=404"}],"curies":[{"name":"wp","href":"https:\/\/api.w.org\/{rel}","templated":true}]}}