{"id":312,"date":"2019-06-19T13:36:31","date_gmt":"2019-06-19T12:36:31","guid":{"rendered":"http:\/\/martinazzo.tfinfo.fr\/?page_id=312"},"modified":"2022-09-27T09:33:08","modified_gmt":"2022-09-27T08:33:08","slug":"accueil","status":"publish","type":"page","link":"https:\/\/martinazzo.tfinfo.fr\/","title":{"rendered":"Accueil"},"content":{"rendered":"\n<div class=\"wp-block-image\"><figure class=\"aligncenter is-resized\"><img loading=\"lazy\" decoding=\"async\" src=\"http:\/\/martinazzo.tfinfo.fr\/wp-content\/uploads\/2022\/01\/BANNIE_RE_FB_1.png\" alt=\"\" class=\"wp-image-605\" width=\"1034\" height=\"383\" srcset=\"https:\/\/martinazzo.tfinfo.fr\/wp-content\/uploads\/2022\/01\/BANNIE_RE_FB_1.png 851w, https:\/\/martinazzo.tfinfo.fr\/wp-content\/uploads\/2022\/01\/BANNIE_RE_FB_1-300x111.png 300w, https:\/\/martinazzo.tfinfo.fr\/wp-content\/uploads\/2022\/01\/BANNIE_RE_FB_1-768x284.png 768w\" sizes=\"(max-width: 1034px) 100vw, 1034px\" \/><\/figure><\/div>\n\n\n\n<ul class=\"wp-block-gallery aligncenter columns-2 is-cropped wp-block-gallery-1 is-layout-flex wp-block-gallery-is-layout-flex\"><li class=\"blocks-gallery-item\"><figure><img loading=\"lazy\" decoding=\"async\" width=\"1024\" height=\"1024\" src=\"http:\/\/martinazzo.tfinfo.fr\/wp-content\/uploads\/2022\/01\/materiaux-martinazzo-3-1024x1024.png\" alt=\"\" data-id=\"601\" data-link=\"http:\/\/martinazzo.tfinfo.fr\/?attachment_id=601\" class=\"wp-image-601\" srcset=\"https:\/\/martinazzo.tfinfo.fr\/wp-content\/uploads\/2022\/01\/materiaux-martinazzo-3-1024x1024.png 1024w, https:\/\/martinazzo.tfinfo.fr\/wp-content\/uploads\/2022\/01\/materiaux-martinazzo-3-150x150.png 150w, https:\/\/martinazzo.tfinfo.fr\/wp-content\/uploads\/2022\/01\/materiaux-martinazzo-3-300x300.png 300w, https:\/\/martinazzo.tfinfo.fr\/wp-content\/uploads\/2022\/01\/materiaux-martinazzo-3-768x768.png 768w, https:\/\/martinazzo.tfinfo.fr\/wp-content\/uploads\/2022\/01\/materiaux-martinazzo-3.png 1080w\" sizes=\"(max-width: 1024px) 100vw, 1024px\" \/><\/figure><\/li><li class=\"blocks-gallery-item\"><figure><img loading=\"lazy\" decoding=\"async\" width=\"1024\" height=\"1024\" src=\"http:\/\/martinazzo.tfinfo.fr\/wp-content\/uploads\/2022\/01\/motoculture-2-1024x1024.png\" alt=\"\" data-id=\"587\" data-link=\"http:\/\/martinazzo.tfinfo.fr\/?attachment_id=587\" class=\"wp-image-587\" srcset=\"https:\/\/martinazzo.tfinfo.fr\/wp-content\/uploads\/2022\/01\/motoculture-2-1024x1024.png 1024w, https:\/\/martinazzo.tfinfo.fr\/wp-content\/uploads\/2022\/01\/motoculture-2-150x150.png 150w, https:\/\/martinazzo.tfinfo.fr\/wp-content\/uploads\/2022\/01\/motoculture-2-300x300.png 300w, https:\/\/martinazzo.tfinfo.fr\/wp-content\/uploads\/2022\/01\/motoculture-2-768x768.png 768w, https:\/\/martinazzo.tfinfo.fr\/wp-content\/uploads\/2022\/01\/motoculture-2.png 1080w\" sizes=\"(max-width: 1024px) 100vw, 1024px\" \/><\/figure><\/li><li class=\"blocks-gallery-item\"><figure><img loading=\"lazy\" decoding=\"async\" width=\"1024\" height=\"1024\" src=\"http:\/\/martinazzo.tfinfo.fr\/wp-content\/uploads\/2022\/01\/POELE-ET-CHEMINE-3-1024x1024.png\" alt=\"\" data-id=\"588\" data-link=\"http:\/\/martinazzo.tfinfo.fr\/?attachment_id=588\" class=\"wp-image-588\" srcset=\"https:\/\/martinazzo.tfinfo.fr\/wp-content\/uploads\/2022\/01\/POELE-ET-CHEMINE-3-1024x1024.png 1024w, https:\/\/martinazzo.tfinfo.fr\/wp-content\/uploads\/2022\/01\/POELE-ET-CHEMINE-3-150x150.png 150w, https:\/\/martinazzo.tfinfo.fr\/wp-content\/uploads\/2022\/01\/POELE-ET-CHEMINE-3-300x300.png 300w, https:\/\/martinazzo.tfinfo.fr\/wp-content\/uploads\/2022\/01\/POELE-ET-CHEMINE-3-768x768.png 768w, https:\/\/martinazzo.tfinfo.fr\/wp-content\/uploads\/2022\/01\/POELE-ET-CHEMINE-3.png 1080w\" sizes=\"(max-width: 1024px) 100vw, 1024px\" \/><\/figure><\/li><li class=\"blocks-gallery-item\"><figure><img loading=\"lazy\" decoding=\"async\" width=\"1024\" height=\"1024\" src=\"http:\/\/martinazzo.tfinfo.fr\/wp-content\/uploads\/2022\/01\/MENUISERIE-4-1024x1024.png\" alt=\"\" data-id=\"589\" data-link=\"http:\/\/martinazzo.tfinfo.fr\/?attachment_id=589\" class=\"wp-image-589\" srcset=\"https:\/\/martinazzo.tfinfo.fr\/wp-content\/uploads\/2022\/01\/MENUISERIE-4-1024x1024.png 1024w, https:\/\/martinazzo.tfinfo.fr\/wp-content\/uploads\/2022\/01\/MENUISERIE-4-150x150.png 150w, https:\/\/martinazzo.tfinfo.fr\/wp-content\/uploads\/2022\/01\/MENUISERIE-4-300x300.png 300w, https:\/\/martinazzo.tfinfo.fr\/wp-content\/uploads\/2022\/01\/MENUISERIE-4-768x768.png 768w, https:\/\/martinazzo.tfinfo.fr\/wp-content\/uploads\/2022\/01\/MENUISERIE-4.png 1080w\" sizes=\"(max-width: 1024px) 100vw, 1024px\" \/><\/figure><\/li><\/ul>\n\n\n\n<div class=\"wp-block-image\"><figure class=\"aligncenter is-resized\"><img loading=\"lazy\" decoding=\"async\" src=\"http:\/\/martinazzo.tfinfo.fr\/wp-content\/uploads\/2022\/01\/LOGO_TFM_BASELINE_2-1024x496.jpg\" alt=\"\" class=\"wp-image-602\" width=\"527\" height=\"255\" srcset=\"https:\/\/martinazzo.tfinfo.fr\/wp-content\/uploads\/2022\/01\/LOGO_TFM_BASELINE_2-1024x496.jpg 1024w, https:\/\/martinazzo.tfinfo.fr\/wp-content\/uploads\/2022\/01\/LOGO_TFM_BASELINE_2-300x145.jpg 300w, https:\/\/martinazzo.tfinfo.fr\/wp-content\/uploads\/2022\/01\/LOGO_TFM_BASELINE_2-768x372.jpg 768w\" sizes=\"(max-width: 527px) 100vw, 527px\" \/><\/figure><\/div>\n\n\n\n<h4 class=\"wp-block-heading\" style=\"text-align:left\"><strong>Ets MARTINAZZO &#8211; Mat\u00e9riaux de Construction, r\u00e9novation, conseil d&rsquo;expert, motoculture, menuiserie, v\u00e9randa, po\u00eale et chemin\u00e9e, vente et pose ! <\/strong><\/h4>\n\n\n\n<div class=\"wp-block-image\"><figure class=\"aligncenter is-resized\"><img loading=\"lazy\" decoding=\"async\" src=\"http:\/\/martinazzo.tfinfo.fr\/wp-content\/uploads\/2021\/10\/image.png\" alt=\"\" class=\"wp-image-514\" width=\"32\" height=\"32\"\/><\/figure><\/div>\n\n\n\n<p><strong>Tout Fair<\/strong>e, C\u2019est tout le mat\u00e9riel pour construire, r\u00e9nover une maison, am\u00e9nager une pi\u00e8ce, poser une terrasse ou transformer une salle de bain. Pour tous vos chantiers de construction, r\u00e9novation, vous trouverez ici une s\u00e9lection de produits professionnels au meilleur prix. Parce qu\u2019un produit ou un mat\u00e9riel non-adapt\u00e9 peut vous co\u00fbter tr\u00e8s cher en construction, Tout Faire ne fait aucun compromis sur la qualit\u00e9 de ses produits. Nous nous engageons chaque jour \u00e0 vous offrir les mat\u00e9riaux et outils de la meilleur qualit\u00e9 pour vos travaux de construction. Et pour vous accompagner dans tous vos projets, nos \u00e9quipes s\u2019attachent \u00e0 vous apporter des conseils de professionnels du b\u00e2timent et de la construction et vous faire profiter de notre expertise <\/p>\n\n\n\n<div class=\"wp-block-image\"><figure class=\"aligncenter is-resized\"><img loading=\"lazy\" decoding=\"async\" src=\"http:\/\/martinazzo.tfinfo.fr\/wp-content\/uploads\/2021\/10\/image-1.png\" alt=\"\" class=\"wp-image-515\" width=\"37\" height=\"37\"\/><\/figure><\/div>\n\n\n\n<p><strong>Vente et pose de menuiserie<\/strong>,  Patrick et Lionel sont \u00e0 votre disposition pour vous aider dans votre construction ou r\u00e9novation de menuiserie. Ils seront vous conseiller au mieux et vous apporter des conseils techniques adapt\u00e9s \u00e0 vos besoins. Ils peuvent vous proposer un large choix de produits et de gammes, et ainsi trouver le produit qu&rsquo;il vous faut. Ils sont accompagn\u00e9s par une super \u00e9quipe de poseur qui tous les jours font leur travail avec passion et s&rsquo;assure de d\u00e9livrer des chantiers d&rsquo;exception. <\/p>\n\n\n\n<div class=\"wp-block-image\"><figure class=\"aligncenter is-resized\"><img loading=\"lazy\" decoding=\"async\" src=\"http:\/\/martinazzo.tfinfo.fr\/wp-content\/uploads\/2021\/10\/image-2.png\" alt=\"\" class=\"wp-image-516\" width=\"42\" height=\"42\"\/><\/figure><\/div>\n\n\n\n<p><strong>Vente et pose de po\u00eale et chemin\u00e9e,<\/strong> Quoi de plus  confortable que se retrouver au coin d&rsquo;un feu. Vous avez envie d&rsquo;un moyen de chauffage confortable, et performant, Pierre, Manuel et Patrick sont l\u00e0 pour vous. Ils pourront vous proposer des chemin\u00e9es, des inserts et des po\u00eales de gammes, marques et design diff\u00e9rents: Brisach, Jotul, Hoben. Ils se tiendront \u00e0 votre disposition pour \u00e9tudier avec vous la meilleure solution et le meilleure emplacement en fonction de votre maison. Ils pourront vous proposer des conseils d&rsquo;experts et vous accompagner dans vos projets de chemin\u00e9e, d&rsquo;insert et de po\u00eales \u00e0 bois et \u00e0 granul\u00e9. Une fois votre choix fait, nos poseurs Tiago, Pedro, Sylvain et Josyan seront l\u00e0 pour transformer votre projet en r\u00e9alit\u00e9 et rendre ainsi votre maison plus confortable. Nous avons \u00e9galement une personne qui s&rsquo;occupe de l&rsquo;entretien des po\u00eales \u00e0 granul\u00e9. <\/p>\n\n\n\n<pre class=\"wp-block-preformatted\"><a href=\"https:\/\/www.eldo.com\/pro\/ets_martinazzo_poele_cheminee_menuiserie_veranda\"><strong>\n<\/strong><iframe loading=\"lazy\" src=\"https:\/\/www.eldo.com\/iframe\/artisan\/102043\" frameborder=\"0\" height=\"100%\" width=\"100%\">&lt;\/a><\/iframe><\/a><\/pre>\n\n\n\n<div class=\"wp-block-image\"><figure class=\"aligncenter is-resized\"><img loading=\"lazy\" decoding=\"async\" src=\"http:\/\/martinazzo.tfinfo.fr\/wp-content\/uploads\/2022\/01\/logo-entreprise.png\" alt=\"\" class=\"wp-image-606\" width=\"844\" height=\"322\" srcset=\"https:\/\/martinazzo.tfinfo.fr\/wp-content\/uploads\/2022\/01\/logo-entreprise.png 713w, https:\/\/martinazzo.tfinfo.fr\/wp-content\/uploads\/2022\/01\/logo-entreprise-300x114.png 300w\" sizes=\"(max-width: 844px) 100vw, 844px\" \/><\/figure><\/div>\n\n\n\n<p><a href=\"https:\/\/www.facebook.com\/ToutFaire.MateriauxMartinazzo\">https:\/\/www.facebook.com\/ToutFaire.MateriauxMartinazzo<\/a><\/p>\n\n\n\n<p><a href=\"https:\/\/www.instagram.com\/materiauxmartinazzo\/\">https:\/\/www.instagram.com\/materiauxmartinazzo\/<\/a><\/p>\n","protected":false},"excerpt":{"rendered":"<p>Ets MARTINAZZO &#8211; Mat\u00e9riaux de Construction, r\u00e9novation, conseil d&rsquo;expert, motoculture, menuiserie, v\u00e9randa, po\u00eale et chemin\u00e9e, vente et pose ! Tout Faire, C\u2019est tout le mat\u00e9riel pour construire, r\u00e9nover une maison, am\u00e9nager une pi\u00e8ce, poser une terrasse ou transformer une salle de bain. Pour tous vos chantiers de construction, r\u00e9novation, vous trouverez ici une s\u00e9lection de [&hellip;]<\/p>\n","protected":false},"author":1,"featured_media":0,"parent":0,"menu_order":0,"comment_status":"closed","ping_status":"closed","template":"","meta":{"footnotes":""},"class_list":["post-312","page","type-page","status-publish","hentry"],"_links":{"self":[{"href":"https:\/\/martinazzo.tfinfo.fr\/index.php?rest_route=\/wp\/v2\/pages\/312"}],"collection":[{"href":"https:\/\/martinazzo.tfinfo.fr\/index.php?rest_route=\/wp\/v2\/pages"}],"about":[{"href":"https:\/\/martinazzo.tfinfo.fr\/index.php?rest_route=\/wp\/v2\/types\/page"}],"author":[{"embeddable":true,"href":"https:\/\/martinazzo.tfinfo.fr\/index.php?rest_route=\/wp\/v2\/users\/1"}],"replies":[{"embeddable":true,"href":"https:\/\/martinazzo.tfinfo.fr\/index.php?rest_route=%2Fwp%2Fv2%2Fcomments&post=312"}],"version-history":[{"count":44,"href":"https:\/\/martinazzo.tfinfo.fr\/index.php?rest_route=\/wp\/v2\/pages\/312\/revisions"}],"predecessor-version":[{"id":664,"href":"https:\/\/martinazzo.tfinfo.fr\/index.php?rest_route=\/wp\/v2\/pages\/312\/revisions\/664"}],"wp:attachment":[{"href":"https:\/\/martinazzo.tfinfo.fr\/index.php?rest_route=%2Fwp%2Fv2%2Fmedia&parent=312"}],"curies":[{"name":"wp","href":"https:\/\/api.w.org\/{rel}","templated":true}]}}