{"id":230,"date":"2017-06-15T16:24:34","date_gmt":"2017-06-15T15:24:34","guid":{"rendered":"http:\/\/martinazzo.tfinfo.fr\/?page_id=230"},"modified":"2017-06-15T16:28:29","modified_gmt":"2017-06-15T15:28:29","slug":"mentions-legales","status":"publish","type":"page","link":"https:\/\/martinazzo.tfinfo.fr\/?page_id=230","title":{"rendered":"Mentions L\u00e9gales"},"content":{"rendered":"<h2>Editeur<\/h2>\n<p>Ets Mat\u00e9riaux Martinazzo<br \/>\n21 route du Chapitre<br \/>\n48000 MENDE<\/p>\n<p>Si\u00e8ge social : 6 Rue de la Corv\u00e9e \/Route de Paris \u2013 55100 VERDUN<br \/>\nT\u00e9l : 03 29 86 30 31<\/p>\n<p>Directeur de la publication : Eric DREYER<br \/>\nH\u00e9bergement : Tout Faire Informatique<br \/>\nConception : Tout Faire Informatique<br \/>\nR\u00e9alisation : Tout Faire Informatique<\/p>\n<h2>Acc\u00e8s au site Internet<\/h2>\n<p>Nous ne saurions vous garantir que le fonctionnement du site sera ininterrompu et exempt de toute erreur. Nous ne sommes tenus que d\u2019une obligation de moyen en ce qui concerne le fonctionnement et la continuit\u00e9 du service. Nous ne saurions \u00eatre responsables de tous pr\u00e9judices r\u00e9sultant de l\u2019utilisation de notre site, et ce quelle qu\u2019en soit la cause ; notamment nous ne saurions \u00eatre responsable de l\u2019alt\u00e9ration ou de l\u2019acc\u00e8s frauduleux \u00e0 des donn\u00e9es et\/ou de la transmission accidentelle par le biais de virus ou autres interventions malveillantes. De m\u00eame, notre responsabilit\u00e9 ne saurait \u00eatre engag\u00e9e pour des faits dus \u00e0 un cas de force majeure, les pannes et les probl\u00e8mes d\u2019ordre technique concernant le mat\u00e9riel, les programmes et logiciels ou le r\u00e9seau Internet pouvant le cas \u00e9ch\u00e9ant entra\u00eener la suspension ou la cessation du service.<\/p>\n<h2>Liens externes &#8211; Liens hypertextes allant vers d\u2019autres sites Internet<\/h2>\n<p>Notre site peut contenir des liens hypertextes allant vers d\u2019autres Sites. Nous ne prenons aucun engagement concernant tout autre site auquel vous pourriez avoir acc\u00e8s via notre site et nous ne saurions en aucune fa\u00e7on \u00eatre responsables du contenu, fonctionnement et de l\u2019acc\u00e8s \u00e0 ces sites.<\/p>\n<h2>Droit d\u2019auteur<\/h2>\n<p>L\u2019ensemble de ce site rel\u00e8ve de la l\u00e9gislation fran\u00e7aise et internationale sur le droit d\u2019auteur et la propri\u00e9t\u00e9 intellectuelle. Tous les droits de reproduction sont r\u00e9serv\u00e9s, y compris pour les documents t\u00e9l\u00e9chargeables et les repr\u00e9sentations iconographiques et photographiques. La reproduction de tout ou partie de ce site sur un support \u00e9lectronique quel qu\u2019il soit est formellement interdite sauf autorisation expresse du directeur de la publication. Toutes les marques cit\u00e9es sont la propri\u00e9t\u00e9 de leurs titulaires respectifs. Les articles L122-4 et L122-5 du Code de la propri\u00e9t\u00e9 intellectuelle interdisent toute repr\u00e9sentation ou reproduction, int\u00e9grale ou partielle, faite en dehors d\u2019un usage priv\u00e9. Toute repr\u00e9sentation ou reproduction int\u00e9grale ou partielle de cette \u0153uvre, faite par quelque proc\u00e9d\u00e9 que ce soit, sans le consentement de l\u2019\u00e9diteur ou les ayants droit est illicite et constitue une contrefa\u00e7on sanctionn\u00e9 par les articles L335-2 et suivants du Code de la propri\u00e9t\u00e9 intellectuelle.<\/p>\n<h2>Informations relatives aux cookies<\/h2>\n<p>Lors de la visite de ce site, un cookie peut \u00eatre propos\u00e9 \u00e0 votre navigateur. Il ne permet pas d&rsquo;identifier personnellement un visiteur mais nous permet d\u2019enregistrer des informations relatives \u00e0 sa navigation sur notre site. L&rsquo;utilisation de cookie a pour finalit\u00e9 l&rsquo;analyse de trafic et d&rsquo;audience, dans le but d&rsquo;am\u00e9liorer la qualit\u00e9 de ce site. Vous pouvez vous opposer \u00e0 l\u2019enregistrement de cookies en configurant votre navigateur en cons\u00e9quence.<\/p>\n","protected":false},"excerpt":{"rendered":"<p>Editeur Ets Mat\u00e9riaux Martinazzo 21 route du Chapitre 48000 MENDE Si\u00e8ge social : 6 Rue de la Corv\u00e9e \/Route de Paris \u2013 55100 VERDUN T\u00e9l : 03 29 86 30 31 Directeur de la publication : Eric DREYER H\u00e9bergement : Tout Faire Informatique Conception : Tout Faire Informatique R\u00e9alisation : Tout Faire Informatique Acc\u00e8s au [&hellip;]<\/p>\n","protected":false},"author":1,"featured_media":0,"parent":0,"menu_order":0,"comment_status":"closed","ping_status":"closed","template":"","meta":{"footnotes":""},"class_list":["post-230","page","type-page","status-publish","hentry"],"_links":{"self":[{"href":"https:\/\/martinazzo.tfinfo.fr\/index.php?rest_route=\/wp\/v2\/pages\/230"}],"collection":[{"href":"https:\/\/martinazzo.tfinfo.fr\/index.php?rest_route=\/wp\/v2\/pages"}],"about":[{"href":"https:\/\/martinazzo.tfinfo.fr\/index.php?rest_route=\/wp\/v2\/types\/page"}],"author":[{"embeddable":true,"href":"https:\/\/martinazzo.tfinfo.fr\/index.php?rest_route=\/wp\/v2\/users\/1"}],"replies":[{"embeddable":true,"href":"https:\/\/martinazzo.tfinfo.fr\/index.php?rest_route=%2Fwp%2Fv2%2Fcomments&post=230"}],"version-history":[{"count":3,"href":"https:\/\/martinazzo.tfinfo.fr\/index.php?rest_route=\/wp\/v2\/pages\/230\/revisions"}],"predecessor-version":[{"id":233,"href":"https:\/\/martinazzo.tfinfo.fr\/index.php?rest_route=\/wp\/v2\/pages\/230\/revisions\/233"}],"wp:attachment":[{"href":"https:\/\/martinazzo.tfinfo.fr\/index.php?rest_route=%2Fwp%2Fv2%2Fmedia&parent=230"}],"curies":[{"name":"wp","href":"https:\/\/api.w.org\/{rel}","templated":true}]}}