{"id":19,"date":"2016-01-21T11:36:40","date_gmt":"2016-01-21T10:36:40","guid":{"rendered":"http:\/\/martinazzo.tfinfo.fr\/?page_id=19"},"modified":"2021-10-04T15:52:12","modified_gmt":"2021-10-04T14:52:12","slug":"actualitespromos","status":"publish","type":"page","link":"https:\/\/martinazzo.tfinfo.fr\/?page_id=19","title":{"rendered":"Actualit\u00e9s\/Promos"},"content":{"rendered":"\n<h2 class=\"wp-block-heading\">&#8211; ACTU PRO OCTOBRE 2021 &#8211; <\/h2>\n\n\n\n<p>\n\nPour le mois d&rsquo;octobre, les ACTUPRO sont de retour !\u00c0 notre client\u00e8le PRO, nous vous consacrons une s\u00e9lection d\u2019offres exclusives \u00e0 ne surtout pas manquer. <a href=\"https:\/\/www.facebook.com\/hashtag\/toutfairemateriaux?__eep__=6&amp;__cft__[0]=AZWOqOStZRutqIW3_RyT5imeCFM-5cSr_zIRbUeriuGuxDL7VBSaHwxsoe7npYEtcg3FuQW7_0G6YVBrn-1zQWdP97Q5S_zUk4nogP4Wt8MysQsnbjy1ZdGQRmy8DzmNvvCojwxdTybITCqPvx8A9HXUtjseCdnid5vcxq0Vsh6xx-dCts2BghCjGsD5vz4tjTQ&amp;__tn__=*NK-R\">#toutfairemateriaux<\/a><a href=\"https:\/\/www.facebook.com\/hashtag\/actupro?__eep__=6&amp;__cft__[0]=AZWOqOStZRutqIW3_RyT5imeCFM-5cSr_zIRbUeriuGuxDL7VBSaHwxsoe7npYEtcg3FuQW7_0G6YVBrn-1zQWdP97Q5S_zUk4nogP4Wt8MysQsnbjy1ZdGQRmy8DzmNvvCojwxdTybITCqPvx8A9HXUtjseCdnid5vcxq0Vsh6xx-dCts2BghCjGsD5vz4tjTQ&amp;__tn__=*NK-R\">#actupro<\/a><\/p>\n\n\n\n<ul class=\"wp-block-gallery columns-3 is-cropped wp-block-gallery-1 is-layout-flex wp-block-gallery-is-layout-flex\"><li class=\"blocks-gallery-item\"><figure><img decoding=\"async\" src=\"http:\/\/martinazzo.tfinfo.fr\/wp-content\/uploads\/2021\/10\/Carrousselle_facebook_Octobre_FR_2021-1024x1024.jpg\" alt=\"\" data-id=\"505\" data-link=\"http:\/\/martinazzo.tfinfo.fr\/?attachment_id=505\" class=\"wp-image-505\"\/><\/figure><\/li><li class=\"blocks-gallery-item\"><figure><img decoding=\"async\" src=\"http:\/\/martinazzo.tfinfo.fr\/wp-content\/uploads\/2021\/10\/Carrousselle_facebook_Octobre_FR_20212-1024x1024.jpg\" alt=\"\" data-id=\"506\" data-link=\"http:\/\/martinazzo.tfinfo.fr\/?attachment_id=506\" class=\"wp-image-506\"\/><\/figure><\/li><li class=\"blocks-gallery-item\"><figure><img decoding=\"async\" src=\"http:\/\/martinazzo.tfinfo.fr\/wp-content\/uploads\/2021\/10\/Carrousselle_facebook_Octobre_FR_20213-1024x1024.jpg\" alt=\"\" data-id=\"507\" data-link=\"http:\/\/martinazzo.tfinfo.fr\/?attachment_id=507\" class=\"wp-image-507\"\/><\/figure><\/li><li class=\"blocks-gallery-item\"><figure><img decoding=\"async\" src=\"http:\/\/martinazzo.tfinfo.fr\/wp-content\/uploads\/2021\/10\/Carrousselle_facebook_Octobre_FR_20214-1024x1024.jpg\" alt=\"\" data-id=\"508\" data-link=\"http:\/\/martinazzo.tfinfo.fr\/?attachment_id=508\" class=\"wp-image-508\"\/><\/figure><\/li><\/ul>\n","protected":false},"excerpt":{"rendered":"<p>&#8211; ACTU PRO OCTOBRE 2021 &#8211; Pour le mois d&rsquo;octobre, les ACTUPRO sont de retour !\u00c0 notre client\u00e8le PRO, nous vous consacrons une s\u00e9lection d\u2019offres exclusives \u00e0 ne surtout pas manquer. #toutfairemateriaux#actupro<\/p>\n","protected":false},"author":1,"featured_media":0,"parent":0,"menu_order":0,"comment_status":"closed","ping_status":"closed","template":"","meta":{"footnotes":""},"class_list":["post-19","page","type-page","status-publish","hentry"],"_links":{"self":[{"href":"https:\/\/martinazzo.tfinfo.fr\/index.php?rest_route=\/wp\/v2\/pages\/19"}],"collection":[{"href":"https:\/\/martinazzo.tfinfo.fr\/index.php?rest_route=\/wp\/v2\/pages"}],"about":[{"href":"https:\/\/martinazzo.tfinfo.fr\/index.php?rest_route=\/wp\/v2\/types\/page"}],"author":[{"embeddable":true,"href":"https:\/\/martinazzo.tfinfo.fr\/index.php?rest_route=\/wp\/v2\/users\/1"}],"replies":[{"embeddable":true,"href":"https:\/\/martinazzo.tfinfo.fr\/index.php?rest_route=%2Fwp%2Fv2%2Fcomments&post=19"}],"version-history":[{"count":6,"href":"https:\/\/martinazzo.tfinfo.fr\/index.php?rest_route=\/wp\/v2\/pages\/19\/revisions"}],"predecessor-version":[{"id":509,"href":"https:\/\/martinazzo.tfinfo.fr\/index.php?rest_route=\/wp\/v2\/pages\/19\/revisions\/509"}],"wp:attachment":[{"href":"https:\/\/martinazzo.tfinfo.fr\/index.php?rest_route=%2Fwp%2Fv2%2Fmedia&parent=19"}],"curies":[{"name":"wp","href":"https:\/\/api.w.org\/{rel}","templated":true}]}}