{"id":188,"date":"2016-08-10T13:32:23","date_gmt":"2016-08-10T12:32:23","guid":{"rendered":"http:\/\/martinazzo.tfinfo.fr\/?page_id=188"},"modified":"2022-01-28T17:55:04","modified_gmt":"2022-01-28T16:55:04","slug":"loc","status":"publish","type":"page","link":"https:\/\/martinazzo.tfinfo.fr\/?page_id=188","title":{"rendered":"Location de mat\u00e9riel et v\u00e9hicule"},"content":{"rendered":"\n<div class=\"wp-block-image\"><figure class=\"aligncenter is-resized\"><img loading=\"lazy\" decoding=\"async\" src=\"http:\/\/martinazzo.tfinfo.fr\/wp-content\/uploads\/2022\/01\/LOGO_TFM-1-975x1024.png\" alt=\"\" class=\"wp-image-618\" width=\"148\" height=\"155\" srcset=\"https:\/\/martinazzo.tfinfo.fr\/wp-content\/uploads\/2022\/01\/LOGO_TFM-1-975x1024.png 975w, https:\/\/martinazzo.tfinfo.fr\/wp-content\/uploads\/2022\/01\/LOGO_TFM-1-286x300.png 286w, https:\/\/martinazzo.tfinfo.fr\/wp-content\/uploads\/2022\/01\/LOGO_TFM-1-768x807.png 768w\" sizes=\"(max-width: 148px) 100vw, 148px\" \/><\/figure><\/div>\n\n\n\n<div class=\"wp-block-image\"><figure class=\"aligncenter is-resized\"><img loading=\"lazy\" decoding=\"async\" src=\"http:\/\/martinazzo.tfinfo.fr\/wp-content\/uploads\/2022\/01\/BANNIE_RE_FB_5.png\" alt=\"\" class=\"wp-image-604\" width=\"1039\" height=\"385\" srcset=\"https:\/\/martinazzo.tfinfo.fr\/wp-content\/uploads\/2022\/01\/BANNIE_RE_FB_5.png 851w, https:\/\/martinazzo.tfinfo.fr\/wp-content\/uploads\/2022\/01\/BANNIE_RE_FB_5-300x111.png 300w, https:\/\/martinazzo.tfinfo.fr\/wp-content\/uploads\/2022\/01\/BANNIE_RE_FB_5-768x284.png 768w\" sizes=\"(max-width: 1039px) 100vw, 1039px\" \/><\/figure><\/div>\n\n\n<p><strong>Retrouvez toute la gamme disponible dans nos magasins.<\/strong><\/p>\n<table style=\"width: 100%;\">\n<tbody>\n<tr>\n<td>\n<h4>Terrassement<\/h4>\n<ul>\n<li style=\"list-style-type: none;\">\n<ul>\n<li style=\"list-style-type: none;\">\n<ul>\n<li>Mini-Pelle Brise Roche<\/li>\n<li>Mini chargeur<\/li>\n<\/ul>\n<\/li>\n<\/ul>\n<\/li>\n<\/ul>\n<h4>Manutention<\/h4>\n<ul>\n<li style=\"list-style-type: none;\">\n<ul>\n<li style=\"list-style-type: none;\">\n<ul>\n<li>\u00c9l\u00e9vateur T\u00e9lescopique<\/li>\n<li>Chargeur<\/li>\n<\/ul>\n<\/li>\n<\/ul>\n<\/li>\n<\/ul>\n<h4>Compactage \/ Sol<\/h4>\n<ul>\n<li style=\"list-style-type: none;\">\n<ul>\n<li style=\"list-style-type: none;\">\n<ul>\n<li>Pilonneuse<\/li>\n<li>Plaque Vibrante<\/li>\n<li>Scie \u00e0 sol<\/li>\n<li>Cylindre<\/li>\n<li>Ponceuse \u00e0 b\u00e9ton<\/li>\n<\/ul>\n<\/li>\n<\/ul>\n<\/li>\n<\/ul>\n<h4>Transports<\/h4>\n<ul>\n<li style=\"list-style-type: none;\">\n<ul>\n<li>Camion benne 3T5<\/li>\n<li>Fourgon 3T5<\/li>\n<li>Remorques<\/li>\n<\/ul>\n<\/li>\n<\/ul>\n<\/td>\n<td>\n<h4>\u00c9lectro portatif \/ Outillage<\/h4>\n<ul>\n<li style=\"list-style-type: none;\">\n<ul>\n<li style=\"list-style-type: none;\">\n<ul>\n<li>D\u00e9coupeuse<\/li>\n<li>B\u00e9tonni\u00e8re<\/li>\n<li>Brise B\u00e9ton<\/li>\n<li>Carotteuse<\/li>\n<li>\u00c9chafaudage<\/li>\n<li>Groupe \u00e9lectrog\u00e8ne<\/li>\n<li>Sableuse<\/li>\n<li>Pompe \u00e0 eau<\/li>\n<\/ul>\n<\/li>\n<\/ul>\n<\/li>\n<\/ul>\n<h4>Espace nettoyage \/ Pon\u00e7age<\/h4>\n<ul>\n<li style=\"list-style-type: none;\">\n<ul>\n<li style=\"list-style-type: none;\">\n<ul>\n<li>Aspirateur<\/li>\n<li>Nettoyeur haute pression<\/li>\n<li>Ponceuse parquet<\/li>\n<\/ul>\n<\/li>\n<\/ul>\n<\/li>\n<\/ul>\n<h4>Espace vert<\/h4>\n<ul>\n<li style=\"list-style-type: none;\">\n<ul>\n<li>D\u00e9broussailleuse<\/li>\n<li>Motoculteur<\/li>\n<li>Perche \u00e9lagage<\/li>\n<li>Taille haie<\/li>\n<li>Tondeuse<\/li>\n<li>Tron\u00e7onneuse<\/li>\n<\/ul>\n<\/li>\n<\/ul>\n<\/td>\n<\/tr>\n<\/tbody>\n<\/table>","protected":false},"excerpt":{"rendered":"<p>Retrouvez toute la gamme disponible dans nos magasins. Terrassement Mini-Pelle Brise Roche Mini chargeur Manutention \u00c9l\u00e9vateur T\u00e9lescopique Chargeur Compactage \/ Sol Pilonneuse Plaque Vibrante Scie \u00e0 sol Cylindre Ponceuse \u00e0 b\u00e9ton Transports Camion benne 3T5 Fourgon 3T5 Remorques \u00c9lectro portatif \/ Outillage D\u00e9coupeuse B\u00e9tonni\u00e8re Brise B\u00e9ton Carotteuse \u00c9chafaudage Groupe \u00e9lectrog\u00e8ne Sableuse Pompe \u00e0 eau Espace [&hellip;]<\/p>\n","protected":false},"author":1,"featured_media":0,"parent":0,"menu_order":0,"comment_status":"closed","ping_status":"closed","template":"","meta":{"footnotes":""},"class_list":["post-188","page","type-page","status-publish","hentry"],"_links":{"self":[{"href":"https:\/\/martinazzo.tfinfo.fr\/index.php?rest_route=\/wp\/v2\/pages\/188"}],"collection":[{"href":"https:\/\/martinazzo.tfinfo.fr\/index.php?rest_route=\/wp\/v2\/pages"}],"about":[{"href":"https:\/\/martinazzo.tfinfo.fr\/index.php?rest_route=\/wp\/v2\/types\/page"}],"author":[{"embeddable":true,"href":"https:\/\/martinazzo.tfinfo.fr\/index.php?rest_route=\/wp\/v2\/users\/1"}],"replies":[{"embeddable":true,"href":"https:\/\/martinazzo.tfinfo.fr\/index.php?rest_route=%2Fwp%2Fv2%2Fcomments&post=188"}],"version-history":[{"count":6,"href":"https:\/\/martinazzo.tfinfo.fr\/index.php?rest_route=\/wp\/v2\/pages\/188\/revisions"}],"predecessor-version":[{"id":623,"href":"https:\/\/martinazzo.tfinfo.fr\/index.php?rest_route=\/wp\/v2\/pages\/188\/revisions\/623"}],"wp:attachment":[{"href":"https:\/\/martinazzo.tfinfo.fr\/index.php?rest_route=%2Fwp%2Fv2%2Fmedia&parent=188"}],"curies":[{"name":"wp","href":"https:\/\/api.w.org\/{rel}","templated":true}]}}