{"id":15,"date":"2016-01-21T11:35:39","date_gmt":"2016-01-21T10:35:39","guid":{"rendered":"http:\/\/martinazzo.tfinfo.fr\/?page_id=15"},"modified":"2022-01-28T17:53:34","modified_gmt":"2022-01-28T16:53:34","slug":"services","status":"publish","type":"page","link":"https:\/\/martinazzo.tfinfo.fr\/?page_id=15","title":{"rendered":"Services"},"content":{"rendered":"\n<div class=\"wp-block-image\"><figure class=\"aligncenter is-resized\"><img loading=\"lazy\" decoding=\"async\" src=\"http:\/\/martinazzo.tfinfo.fr\/wp-content\/uploads\/2022\/01\/LOGO_TFM-1-975x1024.png\" alt=\"\" class=\"wp-image-618\" width=\"163\" height=\"172\" srcset=\"https:\/\/martinazzo.tfinfo.fr\/wp-content\/uploads\/2022\/01\/LOGO_TFM-1-975x1024.png 975w, https:\/\/martinazzo.tfinfo.fr\/wp-content\/uploads\/2022\/01\/LOGO_TFM-1-286x300.png 286w, https:\/\/martinazzo.tfinfo.fr\/wp-content\/uploads\/2022\/01\/LOGO_TFM-1-768x807.png 768w\" sizes=\"(max-width: 163px) 100vw, 163px\" \/><\/figure><\/div>\n\n\n\n<div class=\"wp-block-image\"><figure class=\"alignleft is-resized\"><img loading=\"lazy\" decoding=\"async\" src=\"http:\/\/martinazzo.tfinfo.fr\/wp-content\/uploads\/2022\/01\/BANNIE_RE_FB_5.png\" alt=\"\" class=\"wp-image-604\" width=\"1000\" height=\"370\" srcset=\"https:\/\/martinazzo.tfinfo.fr\/wp-content\/uploads\/2022\/01\/BANNIE_RE_FB_5.png 851w, https:\/\/martinazzo.tfinfo.fr\/wp-content\/uploads\/2022\/01\/BANNIE_RE_FB_5-300x111.png 300w, https:\/\/martinazzo.tfinfo.fr\/wp-content\/uploads\/2022\/01\/BANNIE_RE_FB_5-768x284.png 768w\" sizes=\"(max-width: 1000px) 100vw, 1000px\" \/><\/figure><\/div>\n\n\n<table class=\" aligncenter\" style=\"width: 100%;\">\n<tbody>\n<tr>\n<td>\n<h4>Mende\u00a0<\/h4>\n<ul>\n<li>Location de mat\u00e9riel et v\u00e9hicule<\/li>\n<li>Livraison sur vos chantiers<\/li>\n<li>Devis gratuit<\/li>\n<li>Ouverture de compte client<\/li>\n<\/ul>\n<\/td>\n<td>\n<h4>Florac Trois Rivi\u00e8res\u00a0<\/h4>\n<ul>\n<li>Machine \u00e0 teinter, peinture<\/li>\n<li>Entretien et r\u00e9paration motoculture<\/li>\n<li>Vente et pose de chemin\u00e9es, po\u00eales<\/li>\n<li>Location de mat\u00e9riel et v\u00e9hicule<\/li>\n<li>Livraison sur vos chantiers<\/li>\n<li>Devis gratuit<\/li>\n<li>Ouverture de compte client<\/li>\n<li>\u00a0V\u00e9randa\n<ul>\n<li>Etude de projet de v\u00e9randa<\/li>\n<li>Financement<\/li>\n<li>Dossier administratif<\/li>\n<li>Pose<\/li>\n<\/ul>\n<\/li>\n<li>Ligne et Lumi\u00e8re\u00a0: menuiserie\n<ul>\n<li>Etude de projet<\/li>\n<li>Financement<\/li>\n<li>Dossier administratif<\/li>\n<li>Pose<\/li>\n<\/ul>\n<\/li>\n<\/ul>\n<\/td>\n<td style=\"text-align: left;\">\n<h4>Saint Ch\u00e9ly D&rsquo;Apcher\u00a0<\/h4>\n<ul>\n<li>Machine \u00e0 teinter, peinture<\/li>\n<li>Vente et pose de chemin\u00e9es, po\u00eales<\/li>\n<li>Location de mat\u00e9riel et v\u00e9hicule<\/li>\n<li>Livraison sur vos chantiers<\/li>\n<li>Devis gratuit<\/li>\n<li>Ouverture de compte client<\/li>\n<li>V\u00e9randa\n<ul>\n<li>Etude de projet de v\u00e9randa<\/li>\n<li>Financement<\/li>\n<li>Dossier administratif<\/li>\n<li>Pose<\/li>\n<\/ul>\n<\/li>\n<li>Ligne et Lumi\u00e8re\u00a0: menuiserie\n<ul>\n<li>Etude de projet<\/li>\n<li>Financement<\/li>\n<li>Dossier administratif<\/li>\n<li>Pose<\/li>\n<\/ul>\n<\/li>\n<\/ul>\n<\/td>\n<\/tr>\n<\/tbody>\n<\/table>","protected":false},"excerpt":{"rendered":"<p>Mende\u00a0 Location de mat\u00e9riel et v\u00e9hicule Livraison sur vos chantiers Devis gratuit Ouverture de compte client Florac Trois Rivi\u00e8res\u00a0 Machine \u00e0 teinter, peinture Entretien et r\u00e9paration motoculture Vente et pose de chemin\u00e9es, po\u00eales Location de mat\u00e9riel et v\u00e9hicule Livraison sur vos chantiers Devis gratuit Ouverture de compte client \u00a0V\u00e9randa Etude de projet de v\u00e9randa Financement [&hellip;]<\/p>\n","protected":false},"author":1,"featured_media":0,"parent":0,"menu_order":0,"comment_status":"closed","ping_status":"closed","template":"","meta":{"footnotes":""},"class_list":["post-15","page","type-page","status-publish","hentry"],"_links":{"self":[{"href":"https:\/\/martinazzo.tfinfo.fr\/index.php?rest_route=\/wp\/v2\/pages\/15"}],"collection":[{"href":"https:\/\/martinazzo.tfinfo.fr\/index.php?rest_route=\/wp\/v2\/pages"}],"about":[{"href":"https:\/\/martinazzo.tfinfo.fr\/index.php?rest_route=\/wp\/v2\/types\/page"}],"author":[{"embeddable":true,"href":"https:\/\/martinazzo.tfinfo.fr\/index.php?rest_route=\/wp\/v2\/users\/1"}],"replies":[{"embeddable":true,"href":"https:\/\/martinazzo.tfinfo.fr\/index.php?rest_route=%2Fwp%2Fv2%2Fcomments&post=15"}],"version-history":[{"count":14,"href":"https:\/\/martinazzo.tfinfo.fr\/index.php?rest_route=\/wp\/v2\/pages\/15\/revisions"}],"predecessor-version":[{"id":622,"href":"https:\/\/martinazzo.tfinfo.fr\/index.php?rest_route=\/wp\/v2\/pages\/15\/revisions\/622"}],"wp:attachment":[{"href":"https:\/\/martinazzo.tfinfo.fr\/index.php?rest_route=%2Fwp%2Fv2%2Fmedia&parent=15"}],"curies":[{"name":"wp","href":"https:\/\/api.w.org\/{rel}","templated":true}]}}